{"id":740,"date":"2020-02-01T20:47:57","date_gmt":"2020-02-01T19:47:57","guid":{"rendered":"https:\/\/www.boisfranc.com\/wilfrid-dev\/?page_id=740"},"modified":"2020-02-13T23:52:08","modified_gmt":"2020-02-13T22:52:08","slug":"quartier","status":"publish","type":"page","link":"https:\/\/www.boisfranc.com\/wilfrid\/quartier\/","title":{"rendered":"Choisissez Bois-Franc"},"content":{"rendered":"<p>[vc_row bg_type=\u00a0\u00bbcolor\u00a0\u00bb header_feature=\u00a0\u00bbyes\u00a0\u00bb bg_color=\u00a0\u00bb#1db9ac\u00a0\u00bb margin_bottom=\u00a0\u00bb0px\u00a0\u00bb][vc_column css=\u00a0\u00bb.vc_custom_1580586666410{background-color: #1db9ac !important;}\u00a0\u00bb][vc_empty_space height=\u00a0\u00bb40px\u00a0\u00bb][vc_empty_space height=\u00a0\u00bb50px\u00a0\u00bb el_class=\u00a0\u00bbrow-height-hidden\u00a0\u00bb][vc_column_text]<a href=\"https:\/\/www.boisfranc.com\/visite-360\/index.html\" target=\"_blank\" rel=\"noopener noreferrer\"><img loading=\"lazy\" class=\"wp-image-749 aligncenter\" src=\"http:\/\/www.boisfranc.com\/content\/uploads\/sites\/46\/2020\/02\/icone-360.png\" alt=\"\" width=\"117\" height=\"115\" \/><\/a><\/p>\n<p style=\"text-align: center;\"><a class=\"link-360-quartier\" href=\"https:\/\/www.boisfranc.com\/visite-360\/index.html\" target=\"_blank\" rel=\"noopener noreferrer\">Visite 360\u00b0<\/a><\/p>\n<p>[\/vc_column_text][vc_row_inner][vc_column_inner width=\u00a0\u00bb1\/6&Prime;][\/vc_column_inner][vc_column_inner width=\u00a0\u00bb2\/3&Prime;][vc_column_text]<\/p>\n<p class=\"txt-360-quartier\">Vous cherchez \u00e0 vous \u00e9tablir dans un milieu de vie unique, o\u00f9 vous y trouverez verdure et nature, commerces de proximit\u00e9, tout en ayant rapidement acc\u00e8s au centre-ville de Montr\u00e9al?<br \/>\nChoisissez Bois-Franc.<\/p>\n<p>[\/vc_column_text][\/vc_column_inner][vc_column_inner width=\u00a0\u00bb1\/6&Prime;][\/vc_column_inner][\/vc_row_inner][vc_empty_space height=\u00a0\u00bb50px\u00a0\u00bb][vc_empty_space height=\u00a0\u00bb70px\u00a0\u00bb el_class=\u00a0\u00bbrow-height-hidden\u00a0\u00bb][\/vc_column][\/vc_row][vc_row bg_type=\u00a0\u00bbcolor\u00a0\u00bb bg_color=\u00a0\u00bb#f7f7f7&Prime; margin_bottom=\u00a0\u00bb0px\u00a0\u00bb][vc_column css=\u00a0\u00bb.vc_custom_1580587448722{background-color: #f7f7f7 !important;}\u00a0\u00bb][vc_empty_space height=\u00a0\u00bb20px\u00a0\u00bb][vc_empty_space height=\u00a0\u00bb70px\u00a0\u00bb el_class=\u00a0\u00bbrow-height-hidden\u00a0\u00bb][vc_row_inner][vc_column_inner el_class=\u00a0\u00bbpad-quartier-row-3-details\u00a0\u00bb width=\u00a0\u00bb1\/3&Prime; el_id=\u00a0\u00bbquartier-row-3-details\u00a0\u00bb][vc_column_text]<\/p>\n<p class=\"number-quartier\">1<\/p>\n<h2 class=\"title-quartier-details\">Acc\u00e8s direct au centre-ville<\/h2>\n<h3 class=\"subtitle-quartier-details\">REM et gare<\/h3>\n<p class=\"txt-quartier-details\">\u00c0 300 m de la future station de train \u00e9lectrique (R\u00e9seau express m\u00e9tropolitain \u2013 REM) et de la station de train Bois-Franc, sa localisation vous permet un acc\u00e8s direct au centre-ville en pr\u00e8s de 15 minutes.<\/p>\n<h3 class=\"subtitle-quartier-details\">M\u00e9tro<\/h3>\n<p class=\"txt-quartier-details\">La station de m\u00e9tro C\u00f4te-Vertu se situe \u00e9galement \u00e0 quelques minutes par autobus (circuit 70).<\/p>\n<h3 class=\"subtitle-quartier-details\">Autoroute<\/h3>\n<p class=\"txt-quartier-details\">\u00c0 proximit\u00e9 des autoroutes 13, 15, 20 et 40.<\/p>\n<p><img loading=\"lazy\" class=\"alignnone wp-image-789\" src=\"http:\/\/www.boisfranc.com\/content\/uploads\/sites\/46\/2020\/02\/icones-transports.png\" alt=\"\" width=\"226\" height=\"48\" srcset=\"https:\/\/www.boisfranc.com\/content\/uploads\/sites\/46\/2020\/02\/icones-transports.png 697w, https:\/\/www.boisfranc.com\/content\/uploads\/sites\/46\/2020\/02\/icones-transports-300x64.png 300w\" sizes=\"(max-width: 226px) 100vw, 226px\" \/>[\/vc_column_text][\/vc_column_inner][vc_column_inner el_class=\u00a0\u00bbpad-quartier-row-3-details\u00a0\u00bb width=\u00a0\u00bb1\/3&Prime; el_id=\u00a0\u00bbquartier-row-3-details\u00a0\u00bb][vc_column_text]<\/p>\n<p class=\"number-quartier\">2<\/p>\n<h2 class=\"title-quartier-details\">Bois-Franc<br \/>\nUn quartier aux destinations infinies<\/h2>\n<p class=\"txt-quartier-details\">Le Wilfrid est situ\u00e9 dans le secteur pris\u00e9 de Bois-Franc, \u00e0 Saint-Laurent. Tout a \u00e9t\u00e9 pens\u00e9 pour un style de vie actif, social et professionnel, tout en ayant rapidement acc\u00e8s au centre-ville de Montr\u00e9al. Ses nombreux parcs et lacs en font un quartier unique \u00e0 Montr\u00e9al, propice aux activit\u00e9s familiales, sportives et de d\u00e9tente.<\/p>\n<ul class=\"liste-quartier\">\n<li>De nombreux parcs uniques incorporant plus de 55 km de pistes cyclables et p\u00e9destres \u00e0 votre porte<\/li>\n<li>Milliers d\u2019arbres adultes<\/li>\n<li>Fils \u00e9lectriques enfouis<\/li>\n<li>31% d\u2019espaces verts et bleus<\/li>\n<li>Gaz naturel<\/li>\n<\/ul>\n<p>[\/vc_column_text][\/vc_column_inner][vc_column_inner el_class=\u00a0\u00bbpad-quartier-row-3-details\u00a0\u00bb width=\u00a0\u00bb1\/3&Prime; el_id=\u00a0\u00bbquartier-row-3-details\u00a0\u00bb][vc_column_text]<\/p>\n<p class=\"number-quartier\">3<\/p>\n<h2 class=\"title-quartier-details\">Commerces<\/h2>\n<p class=\"txt-quartier-details\">Bois-Franc vous offre une configuration qui vous permet un acc\u00e8s pi\u00e9tonnier \u00e0 une multitude de services de proximit\u00e9, tels que boulangerie, \u00e9picerie, soins de sant\u00e9, nettoyeur, restaurants, garderie et plus.<\/p>\n<ul class=\"liste-quartier\">\n<li>IGA (avec un jardin sur le toit)<\/li>\n<li>Chocolats Favoris<\/li>\n<li>Jean Coutu<\/li>\n<li>Premi\u00e8re Moisson<\/li>\n<li>Copper Branch<\/li>\n<li>Et plusieurs autres<\/li>\n<\/ul>\n<p style=\"text-align: left;\"><a class=\"link-block-le-wilfrid-left\" style=\"padding-left: 0px;\" href=\"#carte-bf\">Voir la carte Bois-Franc<span class=\"plus-block-le-wilfrid-left\">\u00a0\u00a0\u00a0+<\/span><\/a><\/p>\n<p>[\/vc_column_text][\/vc_column_inner][\/vc_row_inner][vc_empty_space height=\u00a0\u00bb50px\u00a0\u00bb][vc_empty_space height=\u00a0\u00bb70px\u00a0\u00bb el_class=\u00a0\u00bbrow-height-hidden\u00a0\u00bb][\/vc_column][\/vc_row][vc_row section_type=\u00a0\u00bbfullwidth\u00a0\u00bb margin_bottom=\u00a0\u00bb0px\u00a0\u00bb padding_bottom=\u00a0\u00bb0px\u00a0\u00bb padding_top=\u00a0\u00bb0px\u00a0\u00bb][vc_column width=\u00a0\u00bb1\/3&Prime; css=\u00a0\u00bb.vc_custom_1580588266502{margin-bottom: 0px !important;padding-bottom: 0px !important;}\u00a0\u00bb el_class=\u00a0\u00bbimg-resp-pad-0&Prime;]<div class=\"grve-element grve-image grve-align-center\" style=\"margin-bottom: 0px;\"><a class=\"grve-image-popup\" href=\"https:\/\/www.boisfranc.com\/content\/uploads\/sites\/46\/2020\/02\/image-transports.jpg\"><img width=\"1247\" height=\"1245\" src=\"https:\/\/www.boisfranc.com\/content\/uploads\/sites\/46\/2020\/02\/image-transports.jpg\" class=\"grve-full-image attachment-full size-full\" alt=\"\" loading=\"lazy\" srcset=\"https:\/\/www.boisfranc.com\/content\/uploads\/sites\/46\/2020\/02\/image-transports.jpg 1x,https:\/\/www.boisfranc.com\/content\/uploads\/sites\/46\/2020\/02\/image-transports.jpg 2x\" \/><\/a><\/div>[\/vc_column][vc_column width=\u00a0\u00bb1\/3&Prime; el_class=\u00a0\u00bbimg-resp-pad-0&Prime;]<div class=\"grve-element grve-image grve-align-center\" style=\"margin-bottom: 0px;\"><a class=\"grve-image-popup\" href=\"https:\/\/www.boisfranc.com\/content\/uploads\/sites\/46\/2020\/02\/image-quartier.jpg\"><img width=\"1247\" height=\"1245\" src=\"https:\/\/www.boisfranc.com\/content\/uploads\/sites\/46\/2020\/02\/image-quartier.jpg\" class=\"grve-full-image attachment-full size-full\" alt=\"\" loading=\"lazy\" srcset=\"https:\/\/www.boisfranc.com\/content\/uploads\/sites\/46\/2020\/02\/image-quartier.jpg 1x,https:\/\/www.boisfranc.com\/content\/uploads\/sites\/46\/2020\/02\/image-quartier.jpg 2x\" \/><\/a><\/div>[\/vc_column][vc_column width=\u00a0\u00bb1\/3&Prime; el_class=\u00a0\u00bbimg-resp-pad-0&Prime;]<div class=\"grve-element grve-image grve-align-center\" style=\"margin-bottom: 0px;\"><a class=\"grve-image-popup\" href=\"https:\/\/www.boisfranc.com\/content\/uploads\/sites\/46\/2020\/02\/image-commerces.jpg\"><img width=\"1247\" height=\"1245\" src=\"https:\/\/www.boisfranc.com\/content\/uploads\/sites\/46\/2020\/02\/image-commerces.jpg\" class=\"grve-full-image attachment-full size-full\" alt=\"\" loading=\"lazy\" srcset=\"https:\/\/www.boisfranc.com\/content\/uploads\/sites\/46\/2020\/02\/image-commerces.jpg 1x,https:\/\/www.boisfranc.com\/content\/uploads\/sites\/46\/2020\/02\/image-commerces.jpg 2x\" \/><\/a><\/div>[\/vc_column][\/vc_row][vc_row bg_type=\u00a0\u00bbcolor\u00a0\u00bb footer_feature=\u00a0\u00bbyes\u00a0\u00bb bg_color=\u00a0\u00bb#f1efe3&Prime; margin_bottom=\u00a0\u00bb0px\u00a0\u00bb section_id=\u00a0\u00bbcarte-bf\u00a0\u00bb][vc_column][vc_empty_space height=\u00a0\u00bb70px\u00a0\u00bb][vc_empty_space height=\u00a0\u00bb70px\u00a0\u00bb el_class=\u00a0\u00bbrow-height-hidden\u00a0\u00bb]<div class=\"grve-element grve-image grve-align-center\" style=\"\"><a class=\"grve-image-popup\" href=\"https:\/\/www.boisfranc.com\/content\/uploads\/sites\/46\/2020\/02\/image-carte-1-1920x751.jpg\"><img width=\"2548\" height=\"996\" src=\"https:\/\/www.boisfranc.com\/content\/uploads\/sites\/46\/2020\/02\/image-carte-1.jpg\" class=\"grve-full-image attachment-full size-full\" alt=\"\" loading=\"lazy\" srcset=\"https:\/\/www.boisfranc.com\/content\/uploads\/sites\/46\/2020\/02\/image-carte-1.jpg 1x,https:\/\/www.boisfranc.com\/content\/uploads\/sites\/46\/2020\/02\/image-carte-1.jpg 2x\" \/><\/a><\/div>[vc_empty_space height=\u00a0\u00bb40px\u00a0\u00bb][vc_empty_space height=\u00a0\u00bb70px\u00a0\u00bb el_class=\u00a0\u00bbrow-height-hidden\u00a0\u00bb][\/vc_column][\/vc_row]<\/p>\n","protected":false},"excerpt":{"rendered":"<p>[vc_row bg_type=\u00a0\u00bbcolor\u00a0\u00bb header_feature=\u00a0\u00bbyes\u00a0\u00bb bg_color=\u00a0\u00bb#1db9ac\u00a0\u00bb margin_bottom=\u00a0\u00bb0px\u00a0\u00bb][vc_column css=\u00a0\u00bb.vc_custom_1580586666410{background-color: #1db9ac !important;}\u00a0\u00bb][vc_empty_space height=\u00a0\u00bb40px\u00a0\u00bb][vc_empty_space height=\u00a0\u00bb50px\u00a0\u00bb el_class=\u00a0\u00bbrow-height-hidden\u00a0\u00bb][vc_column_text] Visite 360\u00b0 [\/vc_column_text][vc_row_inner][vc_column_inner width=\u00a0\u00bb1\/6&Prime;][\/vc_column_inner][vc_column_inner width=\u00a0\u00bb2\/3&Prime;][vc_column_text] Vous cherchez \u00e0 vous \u00e9tablir dans un milieu de vie unique, o\u00f9 vous y trouverez verdure et nature, commerces de proximit\u00e9, tout en ayant rapidement acc\u00e8s au centre-ville de Montr\u00e9al? Choisissez Bois-Franc. [\/vc_column_text][\/vc_column_inner][vc_column_inner width=\u00a0\u00bb1\/6&Prime;][\/vc_column_inner][\/vc_row_inner][vc_empty_space height=\u00a0\u00bb50px\u00a0\u00bb][vc_empty_space height=\u00a0\u00bb70px\u00a0\u00bb el_class=\u00a0\u00bbrow-height-hidden\u00a0\u00bb][\/vc_column][\/vc_row][vc_row bg_type=\u00a0\u00bbcolor\u00a0\u00bb bg_color=\u00a0\u00bb#f7f7f7&Prime; [&hellip;]<\/p>\n","protected":false},"author":14,"featured_media":741,"parent":0,"menu_order":0,"comment_status":"closed","ping_status":"open","template":"","meta":[],"yoast_head":"<!-- This site is optimized with the Yoast SEO plugin v17.4 - https:\/\/yoast.com\/wordpress\/plugins\/seo\/ -->\n<title>Les Condos Wilfrid - Bois-Franc \u00e0 Saint-Laurent<\/title>\n<meta name=\"description\" content=\"Les condos Wilfrid, situ\u00e9s \u00e0 Bois-Franc - Saint-Laurent, vous offrent 100 unit\u00e9s modernes de 1 ou 2 chambres \u00e0 coucher et sont toutes dot\u00e9es d\u2019un air climatis\u00e9 pour vous offrir un maximum de confort.\" \/>\n<meta name=\"robots\" content=\"index, follow, max-snippet:-1, max-image-preview:large, max-video-preview:-1\" \/>\n<link rel=\"canonical\" href=\"https:\/\/www.boisfranc.com\/wilfrid\/quartier\/\" \/>\n<meta property=\"og:locale\" content=\"fr_FR\" \/>\n<meta property=\"og:type\" content=\"article\" \/>\n<meta property=\"og:title\" content=\"Les Condos Wilfrid - Bois-Franc \u00e0 Saint-Laurent\" \/>\n<meta property=\"og:description\" content=\"Les condos Wilfrid, situ\u00e9s \u00e0 Bois-Franc - Saint-Laurent, vous offrent 100 unit\u00e9s modernes de 1 ou 2 chambres \u00e0 coucher et sont toutes dot\u00e9es d\u2019un air climatis\u00e9 pour vous offrir un maximum de confort.\" \/>\n<meta property=\"og:url\" content=\"https:\/\/www.boisfranc.com\/wilfrid\/quartier\/\" \/>\n<meta property=\"og:site_name\" content=\"Wilfrid\" \/>\n<meta property=\"article:modified_time\" content=\"2020-02-13T22:52:08+00:00\" \/>\n<meta property=\"og:image\" content=\"https:\/\/www.boisfranc.com\/content\/uploads\/sites\/46\/2020\/02\/bois-franc-header.jpg\" \/>\n\t<meta property=\"og:image:width\" content=\"1920\" \/>\n\t<meta property=\"og:image:height\" content=\"786\" \/>\n<meta name=\"twitter:card\" content=\"summary\" \/>\n<meta name=\"twitter:label1\" content=\"Dur\u00e9e de lecture est.\" \/>\n\t<meta name=\"twitter:data1\" content=\"3 minutes\" \/>\n<script type=\"application\/ld+json\" class=\"yoast-schema-graph\">{\"@context\":\"https:\/\/schema.org\",\"@graph\":[{\"@type\":\"WebSite\",\"@id\":\"https:\/\/www.boisfranc.com\/wilfrid\/#website\",\"url\":\"https:\/\/www.boisfranc.com\/wilfrid\/\",\"name\":\"Wilfrid\",\"description\":\"Un site utilisant R\\u00e9seau Boisfranc\",\"potentialAction\":[{\"@type\":\"SearchAction\",\"target\":{\"@type\":\"EntryPoint\",\"urlTemplate\":\"https:\/\/www.boisfranc.com\/wilfrid\/?s={search_term_string}\"},\"query-input\":\"required name=search_term_string\"}],\"inLanguage\":\"fr-FR\"},{\"@type\":\"ImageObject\",\"@id\":\"https:\/\/www.boisfranc.com\/wilfrid\/quartier\/#primaryimage\",\"inLanguage\":\"fr-FR\",\"url\":\"https:\/\/www.boisfranc.com\/content\/uploads\/sites\/46\/2020\/02\/bois-franc-header.jpg\",\"contentUrl\":\"https:\/\/www.boisfranc.com\/content\/uploads\/sites\/46\/2020\/02\/bois-franc-header.jpg\",\"width\":1920,\"height\":786},{\"@type\":\"WebPage\",\"@id\":\"https:\/\/www.boisfranc.com\/wilfrid\/quartier\/#webpage\",\"url\":\"https:\/\/www.boisfranc.com\/wilfrid\/quartier\/\",\"name\":\"Les Condos Wilfrid - Bois-Franc \\u00e0 Saint-Laurent\",\"isPartOf\":{\"@id\":\"https:\/\/www.boisfranc.com\/wilfrid\/#website\"},\"primaryImageOfPage\":{\"@id\":\"https:\/\/www.boisfranc.com\/wilfrid\/quartier\/#primaryimage\"},\"datePublished\":\"2020-02-01T19:47:57+00:00\",\"dateModified\":\"2020-02-13T22:52:08+00:00\",\"description\":\"Les condos Wilfrid, situ\\u00e9s \\u00e0 Bois-Franc - Saint-Laurent, vous offrent 100 unit\\u00e9s modernes de 1 ou 2 chambres \\u00e0 coucher et sont toutes dot\\u00e9es d\\u2019un air climatis\\u00e9 pour vous offrir un maximum de confort.\",\"breadcrumb\":{\"@id\":\"https:\/\/www.boisfranc.com\/wilfrid\/quartier\/#breadcrumb\"},\"inLanguage\":\"fr-FR\",\"potentialAction\":[{\"@type\":\"ReadAction\",\"target\":[\"https:\/\/www.boisfranc.com\/wilfrid\/quartier\/\"]}]},{\"@type\":\"BreadcrumbList\",\"@id\":\"https:\/\/www.boisfranc.com\/wilfrid\/quartier\/#breadcrumb\",\"itemListElement\":[{\"@type\":\"ListItem\",\"position\":1,\"name\":\"Accueil\",\"item\":\"https:\/\/www.boisfranc.com\/wilfrid\/\"},{\"@type\":\"ListItem\",\"position\":2,\"name\":\"Choisissez Bois-Franc\"}]}]}<\/script>\n<!-- \/ Yoast SEO plugin. -->","yoast_head_json":{"title":"Les Condos Wilfrid - Bois-Franc \u00e0 Saint-Laurent","description":"Les condos Wilfrid, situ\u00e9s \u00e0 Bois-Franc - Saint-Laurent, vous offrent 100 unit\u00e9s modernes de 1 ou 2 chambres \u00e0 coucher et sont toutes dot\u00e9es d\u2019un air climatis\u00e9 pour vous offrir un maximum de confort.","robots":{"index":"index","follow":"follow","max-snippet":"max-snippet:-1","max-image-preview":"max-image-preview:large","max-video-preview":"max-video-preview:-1"},"canonical":"https:\/\/www.boisfranc.com\/wilfrid\/quartier\/","og_locale":"fr_FR","og_type":"article","og_title":"Les Condos Wilfrid - Bois-Franc \u00e0 Saint-Laurent","og_description":"Les condos Wilfrid, situ\u00e9s \u00e0 Bois-Franc - Saint-Laurent, vous offrent 100 unit\u00e9s modernes de 1 ou 2 chambres \u00e0 coucher et sont toutes dot\u00e9es d\u2019un air climatis\u00e9 pour vous offrir un maximum de confort.","og_url":"https:\/\/www.boisfranc.com\/wilfrid\/quartier\/","og_site_name":"Wilfrid","article_modified_time":"2020-02-13T22:52:08+00:00","og_image":[{"width":1920,"height":786,"url":"https:\/\/www.boisfranc.com\/content\/uploads\/sites\/46\/2020\/02\/bois-franc-header.jpg","type":"image\/jpeg"}],"twitter_card":"summary","twitter_misc":{"Dur\u00e9e de lecture est.":"3 minutes"},"schema":{"@context":"https:\/\/schema.org","@graph":[{"@type":"WebSite","@id":"https:\/\/www.boisfranc.com\/wilfrid\/#website","url":"https:\/\/www.boisfranc.com\/wilfrid\/","name":"Wilfrid","description":"Un site utilisant R\u00e9seau Boisfranc","potentialAction":[{"@type":"SearchAction","target":{"@type":"EntryPoint","urlTemplate":"https:\/\/www.boisfranc.com\/wilfrid\/?s={search_term_string}"},"query-input":"required name=search_term_string"}],"inLanguage":"fr-FR"},{"@type":"ImageObject","@id":"https:\/\/www.boisfranc.com\/wilfrid\/quartier\/#primaryimage","inLanguage":"fr-FR","url":"https:\/\/www.boisfranc.com\/content\/uploads\/sites\/46\/2020\/02\/bois-franc-header.jpg","contentUrl":"https:\/\/www.boisfranc.com\/content\/uploads\/sites\/46\/2020\/02\/bois-franc-header.jpg","width":1920,"height":786},{"@type":"WebPage","@id":"https:\/\/www.boisfranc.com\/wilfrid\/quartier\/#webpage","url":"https:\/\/www.boisfranc.com\/wilfrid\/quartier\/","name":"Les Condos Wilfrid - Bois-Franc \u00e0 Saint-Laurent","isPartOf":{"@id":"https:\/\/www.boisfranc.com\/wilfrid\/#website"},"primaryImageOfPage":{"@id":"https:\/\/www.boisfranc.com\/wilfrid\/quartier\/#primaryimage"},"datePublished":"2020-02-01T19:47:57+00:00","dateModified":"2020-02-13T22:52:08+00:00","description":"Les condos Wilfrid, situ\u00e9s \u00e0 Bois-Franc - Saint-Laurent, vous offrent 100 unit\u00e9s modernes de 1 ou 2 chambres \u00e0 coucher et sont toutes dot\u00e9es d\u2019un air climatis\u00e9 pour vous offrir un maximum de confort.","breadcrumb":{"@id":"https:\/\/www.boisfranc.com\/wilfrid\/quartier\/#breadcrumb"},"inLanguage":"fr-FR","potentialAction":[{"@type":"ReadAction","target":["https:\/\/www.boisfranc.com\/wilfrid\/quartier\/"]}]},{"@type":"BreadcrumbList","@id":"https:\/\/www.boisfranc.com\/wilfrid\/quartier\/#breadcrumb","itemListElement":[{"@type":"ListItem","position":1,"name":"Accueil","item":"https:\/\/www.boisfranc.com\/wilfrid\/"},{"@type":"ListItem","position":2,"name":"Choisissez Bois-Franc"}]}]}},"_links":{"self":[{"href":"https:\/\/www.boisfranc.com\/wilfrid\/wp-json\/wp\/v2\/pages\/740"}],"collection":[{"href":"https:\/\/www.boisfranc.com\/wilfrid\/wp-json\/wp\/v2\/pages"}],"about":[{"href":"https:\/\/www.boisfranc.com\/wilfrid\/wp-json\/wp\/v2\/types\/page"}],"author":[{"embeddable":true,"href":"https:\/\/www.boisfranc.com\/wilfrid\/wp-json\/wp\/v2\/users\/14"}],"replies":[{"embeddable":true,"href":"https:\/\/www.boisfranc.com\/wilfrid\/wp-json\/wp\/v2\/comments?post=740"}],"version-history":[{"count":37,"href":"https:\/\/www.boisfranc.com\/wilfrid\/wp-json\/wp\/v2\/pages\/740\/revisions"}],"predecessor-version":[{"id":1941,"href":"https:\/\/www.boisfranc.com\/wilfrid\/wp-json\/wp\/v2\/pages\/740\/revisions\/1941"}],"wp:featuredmedia":[{"embeddable":true,"href":"https:\/\/www.boisfranc.com\/wilfrid\/wp-json\/wp\/v2\/media\/741"}],"wp:attachment":[{"href":"https:\/\/www.boisfranc.com\/wilfrid\/wp-json\/wp\/v2\/media?parent=740"}],"curies":[{"name":"wp","href":"https:\/\/api.w.org\/{rel}","templated":true}]}}