{"id":714,"date":"2020-02-01T18:11:00","date_gmt":"2020-02-01T17:11:00","guid":{"rendered":"https:\/\/www.boisfranc.com\/wilfrid-dev\/?page_id=714"},"modified":"2021-11-05T15:30:10","modified_gmt":"2021-11-05T14:30:10","slug":"nous-joindre","status":"publish","type":"page","link":"https:\/\/www.boisfranc.com\/wilfrid\/nous-joindre\/","title":{"rendered":"Nous joindre"},"content":{"rendered":"<p>[vc_row section_type=\u00a0\u00bbfullwidth\u00a0\u00bb bg_type=\u00a0\u00bbcolor\u00a0\u00bb header_feature=\u00a0\u00bbyes\u00a0\u00bb equal_column_height=\u00a0\u00bbmiddle-content\u00a0\u00bb bg_color=\u00a0\u00bb#f1efe3&Prime; margin_bottom=\u00a0\u00bb0px\u00a0\u00bb el_class=\u00a0\u00bbrow-wilfrid-sub-blue-block\u00a0\u00bb][vc_column width=\u00a0\u00bb1\/2&Prime; css=\u00a0\u00bb.vc_custom_1580577474553{background-color: #f1efe3 !important;background-position: center !important;background-repeat: no-repeat !important;background-size: cover !important;}\u00a0\u00bb el_class=\u00a0\u00bbblock-aires-communes-left\u00a0\u00bb el_id=\u00a0\u00bbaires-communes-left\u00a0\u00bb][vc_empty_space height=\u00a0\u00bb50px\u00a0\u00bb][vc_empty_space height=\u00a0\u00bb50px\u00a0\u00bb el_class=\u00a0\u00bbrow-height-hidden\u00a0\u00bb][vc_column_text]La pand\u00e9mie de COVID-19 nous oblige \u00e0 revoir et \u00e0 adapter nos pratiques de travail en conformit\u00e9 avec les directives annonc\u00e9es par nos gouvernements. Nous avons mis en place diff\u00e9rents moyens pour vous faire visiter ses projets et effectuer des r\u00e9servations en ligne.<\/p>\n<p>Il est maintenant possible de visiter nos projets par vid\u00e9o conf\u00e9rence avec l\u2019un de nos repr\u00e9sentants via ZOOM. Gr\u00e2ce \u00e0 cet outil, vous pouvez m\u00eame faire la signature de votre contrat pr\u00e9liminaire dans le confort de votre maison!<\/p>\n<p>Nous vous invitons \u00e0 r\u00e9server votre rendez-vous, communiquer avec nous par t\u00e9l\u00e9phone ou par courriel.[\/vc_column_text]<div class=\"grve-element grve-align-center\"><a href=\"mailto:david@groupemontclair.com?subject=Prise%20de%20rendez-vous%20depuis%20le%20site%20du%20Wilfrid\" class=\"grve-btn grve-btn-medium grve-square grve-bg-primary-1 grve-bg-hover-primary-2\"><span>Prendre un rendez-vous<\/span><\/a><\/div>[vc_column_text]<\/p>\n<p style=\"text-align: center\"><strong><a class=\"link-nous-joindre\" href=\"tel:+15143784008\">514-378-4008<\/a><\/strong><br \/>\n<strong><a class=\"link-nous-joindre\" href=\"mailto:david@groupemontclair.com\">david@groupemontclair.com<\/a><\/strong><\/p>\n<p>[\/vc_column_text][vc_column_text]<\/p>\n<h3 class=\"subtitle-nous-joindre\">Heures d&rsquo;ouverture<\/h3>\n<p class=\"txt-nous-joindre\">Lundi au mercredi: 13 h \u00e0 20 h<br \/>\nJeudi et vendredi\u00a0: Ferm\u00e9<br \/>\nSamedi et dimanche : 11 h \u00e0 17 h<\/p>\n<h3 class=\"subtitle-nous-joindre\">Bureau des ventes<\/h3>\n<p>5350, boul. Henri-Bourassa O.<br \/>\nSaint-Laurent (Qu\u00e9bec)[\/vc_column_text][vc_empty_space height=\u00a0\u00bb100px\u00a0\u00bb][vc_empty_space height=\u00a0\u00bb50px\u00a0\u00bb el_class=\u00a0\u00bbrow-height-hidden\u00a0\u00bb][\/vc_column][vc_column width=\u00a0\u00bb1\/2&Prime; css=\u00a0\u00bb.vc_custom_1580577528696{background-color: #ffffff !important;background-position: center !important;background-repeat: no-repeat !important;background-size: cover !important;}\u00a0\u00bb el_id=\u00a0\u00bbpage-row-right\u00a0\u00bb][vc_empty_space height=\u00a0\u00bb50px\u00a0\u00bb el_class=\u00a0\u00bbrow-height-hidden\u00a0\u00bb]<script type=\"text\/javascript\">var gform;gform||(document.addEventListener(\"gform_main_scripts_loaded\",function(){gform.scriptsLoaded=!0}),window.addEventListener(\"DOMContentLoaded\",function(){gform.domLoaded=!0}),gform={domLoaded:!1,scriptsLoaded:!1,initializeOnLoaded:function(o){gform.domLoaded&&gform.scriptsLoaded?o():!gform.domLoaded&&gform.scriptsLoaded?window.addEventListener(\"DOMContentLoaded\",o):document.addEventListener(\"gform_main_scripts_loaded\",o)},hooks:{action:{},filter:{}},addAction:function(o,r,n,t){gform.addHook(\"action\",o,r,n,t)},addFilter:function(o,r,n,t){gform.addHook(\"filter\",o,r,n,t)},doAction:function(o){gform.doHook(\"action\",o,arguments)},applyFilters:function(o){return gform.doHook(\"filter\",o,arguments)},removeAction:function(o,r){gform.removeHook(\"action\",o,r)},removeFilter:function(o,r,n){gform.removeHook(\"filter\",o,r,n)},addHook:function(o,r,n,t,i){null==gform.hooks[o][r]&&(gform.hooks[o][r]=[]);var e=gform.hooks[o][r];null==i&&(i=r+\"_\"+e.length),gform.hooks[o][r].push({tag:i,callable:n,priority:t=null==t?10:t})},doHook:function(o,r,n){if(n=Array.prototype.slice.call(n,1),null!=gform.hooks[o][r]){var t,i=gform.hooks[o][r];i.sort(function(o,r){return o.priority-r.priority});for(var e=0;e<i.length;e++)\"function\"!=typeof(t=i[e].callable)&&(t=window[t]),\"action\"==o?t.apply(null,n):n[0]=t.apply(null,n)}if(\"filter\"==o)return n[0]},removeHook:function(o,r,n,t){if(null!=gform.hooks[o][r])for(var i=gform.hooks[o][r],e=i.length-1;0<=e;e--)null!=t&&t!=i[e].tag||null!=n&&n!=i[e].priority||i.splice(e,1)}});<\/script>\n                <div class='gf_browser_unknown gform_wrapper gform_legacy_markup_wrapper' id='gform_wrapper_5' ><div id='gf_5' class='gform_anchor' tabindex='-1'><\/div><form method='post' enctype='multipart\/form-data' target='gform_ajax_frame_5' id='gform_5'  action='\/wilfrid\/wp-json\/wp\/v2\/pages\/714#gf_5' > \r\n <input type='hidden' class='gforms-pum' value='{\"closepopup\":false,\"closedelay\":0,\"openpopup\":false,\"openpopup_id\":0}' \/>\n                        <div class='gform_body gform-body'><ul id='gform_fields_5' class='gform_fields top_label form_sublabel_below description_below'><li id=\"field_5_10\" class=\"gfield gf_left_half gfield_contains_required field_sublabel_below field_description_below hidden_label gfield_visibility_visible\" ><label class='gfield_label' for='input_5_10' >Pr\u00e9nom<span class=\"gfield_required\"><span class=\"gfield_required gfield_required_asterisk\">*<\/span><\/span><\/label><div class='ginput_container ginput_container_text'><input name='input_10' id='input_5_10' type='text' value='' class='large'    placeholder='Pr\u00e9nom *' aria-required=\"true\" aria-invalid=\"false\"   \/> <\/div><\/li><li id=\"field_5_11\" class=\"gfield gf_right_half gfield_contains_required field_sublabel_below field_description_below hidden_label gfield_visibility_visible\" ><label class='gfield_label' for='input_5_11' >Nom<span class=\"gfield_required\"><span class=\"gfield_required gfield_required_asterisk\">*<\/span><\/span><\/label><div class='ginput_container ginput_container_text'><input name='input_11' id='input_5_11' type='text' value='' class='large'    placeholder='Nom *' aria-required=\"true\" aria-invalid=\"false\"   \/> <\/div><\/li><li id=\"field_5_2\" class=\"gfield gf_left_half gfield_contains_required field_sublabel_below field_description_below hidden_label gfield_visibility_visible\" ><label class='gfield_label' for='input_5_2' >Courriel<span class=\"gfield_required\"><span class=\"gfield_required gfield_required_asterisk\">*<\/span><\/span><\/label><div class='ginput_container ginput_container_email'>\n                            <input name='input_2' id='input_5_2' type='text' value='' class='large'   placeholder='Courriel *' aria-required=\"true\" aria-invalid=\"false\"  \/>\n                        <\/div><\/li><li id=\"field_5_3\" class=\"gfield gf_right_half gfield_contains_required field_sublabel_below field_description_below hidden_label gfield_visibility_visible\" ><label class='gfield_label' for='input_5_3' >T\u00e9l\u00e9phone<span class=\"gfield_required\"><span class=\"gfield_required gfield_required_asterisk\">*<\/span><\/span><\/label><div class='ginput_container ginput_container_phone'><input name='input_3' id='input_5_3' type='text' value='' class='large'  placeholder='T\u00e9l\u00e9phone *' aria-required=\"true\" aria-invalid=\"false\"   \/><\/div><\/li><li id=\"field_5_4\" class=\"gfield field_sublabel_below field_description_below hidden_label gfield_visibility_visible\" ><label class='gfield_label' for='input_5_4' >Votre message<\/label><div class='ginput_container ginput_container_textarea'><textarea name='input_4' id='input_5_4' class='textarea large'    placeholder='Votre message'  aria-invalid=\"false\"   rows='10' cols='50'><\/textarea><\/div><\/li><li id=\"field_5_12\" class=\"gfield gform_validation_container field_sublabel_below field_description_below gfield_visibility_visible\" ><label class='gfield_label' for='input_5_12' >Comments<\/label><div class='ginput_container'><input name='input_12' id='input_5_12' type='text' value='' \/><\/div><div class='gfield_description' id='gfield_description_5_12'>Ce champ n\u2019est utilis\u00e9 qu\u2019\u00e0 des fins de validation et devrait rester inchang\u00e9.<\/div><\/li><\/ul><\/div>\n        <div class='gform_footer top_label'> <input type='submit' id='gform_submit_button_5' class='gform_button button' value='SOUMETTRE'  onclick='if(window[\"gf_submitting_5\"]){return false;}  window[\"gf_submitting_5\"]=true;  ' onkeypress='if( event.keyCode == 13 ){ if(window[\"gf_submitting_5\"]){return false;} window[\"gf_submitting_5\"]=true;  jQuery(\"#gform_5\").trigger(\"submit\",[true]); }' \/> <input type='hidden' name='gform_ajax' value='form_id=5&amp;title=&amp;description=&amp;tabindex=0' \/>\n            <input type='hidden' class='gform_hidden' name='is_submit_5' value='1' \/>\n            <input type='hidden' class='gform_hidden' name='gform_submit' value='5' \/>\n            \n            <input type='hidden' class='gform_hidden' name='gform_unique_id' value='' \/>\n            <input type='hidden' class='gform_hidden' name='state_5' value='WyJbXSIsIjdlODkwYzZlZmZhZDRiMDI2ODM3MjRhNDRmNmI3YzJkIl0=' \/>\n            <input type='hidden' class='gform_hidden' name='gform_target_page_number_5' id='gform_target_page_number_5' value='0' \/>\n            <input type='hidden' class='gform_hidden' name='gform_source_page_number_5' id='gform_source_page_number_5' value='1' \/>\n            <input type='hidden' name='gform_field_values' value='' \/>\n            \n        <\/div>\n                        <\/form>\n                        <\/div>\n                <iframe style='display:none;width:0px;height:0px;' src='about:blank' name='gform_ajax_frame_5' id='gform_ajax_frame_5' title='Cette iframe contient la logique n\u00e9cessaire pour manipuler Gravity Forms avec Ajax.'><\/iframe>\n                <script type=\"text\/javascript\">\ngform.initializeOnLoaded( function() {gformInitSpinner( 5, 'https:\/\/www.boisfranc.com\/content\/plugins\/gravityforms\/images\/spinner.svg' );jQuery('#gform_ajax_frame_5').on('load',function(){var contents = jQuery(this).contents().find('*').html();var is_postback = contents.indexOf('GF_AJAX_POSTBACK') >= 0;if(!is_postback){return;}var form_content = jQuery(this).contents().find('#gform_wrapper_5');var is_confirmation = jQuery(this).contents().find('#gform_confirmation_wrapper_5').length > 0;var is_redirect = contents.indexOf('gformRedirect(){') >= 0;var is_form = form_content.length > 0 && ! is_redirect && ! is_confirmation;var mt = parseInt(jQuery('html').css('margin-top'), 10) + parseInt(jQuery('body').css('margin-top'), 10) + 100;if(is_form){jQuery('#gform_wrapper_5').html(form_content.html());if(form_content.hasClass('gform_validation_error')){jQuery('#gform_wrapper_5').addClass('gform_validation_error');} else {jQuery('#gform_wrapper_5').removeClass('gform_validation_error');}setTimeout( function() { \/* delay the scroll by 50 milliseconds to fix a bug in chrome *\/ jQuery(document).scrollTop(jQuery('#gform_wrapper_5').offset().top - mt); }, 50 );if(window['gformInitDatepicker']) {gformInitDatepicker();}if(window['gformInitPriceFields']) {gformInitPriceFields();}var current_page = jQuery('#gform_source_page_number_5').val();gformInitSpinner( 5, 'https:\/\/www.boisfranc.com\/content\/plugins\/gravityforms\/images\/spinner.svg' );jQuery(document).trigger('gform_page_loaded', [5, current_page]);window['gf_submitting_5'] = false;}else if(!is_redirect){var confirmation_content = jQuery(this).contents().find('.GF_AJAX_POSTBACK').html();if(!confirmation_content){confirmation_content = contents;}setTimeout(function(){jQuery('#gform_wrapper_5').replaceWith(confirmation_content);jQuery(document).scrollTop(jQuery('#gf_5').offset().top - mt);jQuery(document).trigger('gform_confirmation_loaded', [5]);window['gf_submitting_5'] = false;wp.a11y.speak(jQuery('#gform_confirmation_message_5').text());}, 50);}else{jQuery('#gform_5').append(contents);if(window['gformRedirect']) {gformRedirect();}}jQuery(document).trigger('gform_post_render', [5, current_page]);} );} );\n<\/script>\n[vc_empty_space height=\u00a0\u00bb50px\u00a0\u00bb el_class=\u00a0\u00bbrow-height-hidden\u00a0\u00bb][\/vc_column][\/vc_row][vc_row bg_type=\u00a0\u00bbimage\u00a0\u00bb bg_image=\u00a0\u00bb717&Prime; bg_position=\u00a0\u00bbright-bottom\u00a0\u00bb footer_feature=\u00a0\u00bbyes\u00a0\u00bb equal_column_height=\u00a0\u00bbmiddle-content\u00a0\u00bb padding_top=\u00a0\u00bb0px\u00a0\u00bb padding_bottom=\u00a0\u00bb0px\u00a0\u00bb margin_bottom=\u00a0\u00bb0px\u00a0\u00bb][vc_column][vc_empty_space height=\u00a0\u00bb70px\u00a0\u00bb][vc_empty_space height=\u00a0\u00bb70px\u00a0\u00bb el_class=\u00a0\u00bbrow-height-hidden\u00a0\u00bb][vc_column_text el_class=\u00a0\u00bbblock-subheader-home map-bottom-resp\u00a0\u00bb]<\/p>\n<h2 class=\"title-block-map\">MONTCLAIR<\/h2>\n<h3 class=\"subtitle-block-montclair-contact\">25 ans de perfection<\/h3>\n<p class=\"txt-block-montclair-contact\">Pr\u00e9sent depuis l\u2019inauguration du projet en 1994, le Groupe Montclair offre aux futurs r\u00e9sidents de <span class=\"white-space: nowrap;\">Bois-Franc<\/span> plusieurs mod\u00e8les de condos et de maisons de ville. Les projets sign\u00e9s Montclair se distinguent par leur impressionnant design int\u00e9rieur et leur architecture qui ne se d\u00e9modent pas, une r\u00e9f\u00e9rence incontournable \u00e0 Bois-Franc.<\/p>\n<p>[\/vc_column_text][vc_column_text]<\/p>\n<p style=\"text-align: center\"><a class=\"link-block-le-wilfrid-center-green\" href=\"https:\/\/groupemontclair.com\/\" target=\"_blank\" rel=\"noopener noreferrer\">Apprenez-en plus sur Montclair<span class=\"plus-block-le-wilfrid-left\">\u00a0\u00a0\u00a0+<\/span><\/a><\/p>\n<p>[\/vc_column_text][vc_empty_space height=\u00a0\u00bb70px\u00a0\u00bb][vc_empty_space height=\u00a0\u00bb50px\u00a0\u00bb el_class=\u00a0\u00bbrow-height-hidden\u00a0\u00bb][\/vc_column][\/vc_row]<\/p>\n","protected":false},"excerpt":{"rendered":"<p>[vc_row section_type=\u00a0\u00bbfullwidth\u00a0\u00bb bg_type=\u00a0\u00bbcolor\u00a0\u00bb header_feature=\u00a0\u00bbyes\u00a0\u00bb equal_column_height=\u00a0\u00bbmiddle-content\u00a0\u00bb bg_color=\u00a0\u00bb#f1efe3&Prime; margin_bottom=\u00a0\u00bb0px\u00a0\u00bb el_class=\u00a0\u00bbrow-wilfrid-sub-blue-block\u00a0\u00bb][vc_column width=\u00a0\u00bb1\/2&Prime; css=\u00a0\u00bb.vc_custom_1580577474553{background-color: #f1efe3 !important;background-position: center !important;background-repeat: no-repeat !important;background-size: cover !important;}\u00a0\u00bb el_class=\u00a0\u00bbblock-aires-communes-left\u00a0\u00bb el_id=\u00a0\u00bbaires-communes-left\u00a0\u00bb][vc_empty_space height=\u00a0\u00bb50px\u00a0\u00bb][vc_empty_space height=\u00a0\u00bb50px\u00a0\u00bb el_class=\u00a0\u00bbrow-height-hidden\u00a0\u00bb][vc_column_text]La pand\u00e9mie de COVID-19 nous oblige \u00e0 revoir et \u00e0 adapter nos pratiques de travail en conformit\u00e9 avec les directives annonc\u00e9es par nos gouvernements. Nous avons mis en place diff\u00e9rents moyens pour vous [&hellip;]<\/p>\n","protected":false},"author":14,"featured_media":720,"parent":0,"menu_order":0,"comment_status":"closed","ping_status":"open","template":"","meta":[],"yoast_head":"<!-- This site is optimized with the Yoast SEO plugin v17.4 - https:\/\/yoast.com\/wordpress\/plugins\/seo\/ -->\n<title>Les Condos Wilfrid - Bois-Franc \u00e0 Saint-Laurent<\/title>\n<meta name=\"description\" content=\"Les condos Wilfrid, situ\u00e9s \u00e0 Bois-Franc - Saint-Laurent, vous offrent 100 unit\u00e9s modernes de 1 ou 2 chambres \u00e0 coucher et sont toutes dot\u00e9es d\u2019un air climatis\u00e9 pour vous offrir un maximum de confort.\" \/>\n<meta name=\"robots\" content=\"index, follow, max-snippet:-1, max-image-preview:large, max-video-preview:-1\" \/>\n<link rel=\"canonical\" href=\"https:\/\/www.boisfranc.com\/wilfrid\/nous-joindre\/\" \/>\n<meta property=\"og:locale\" content=\"fr_FR\" \/>\n<meta property=\"og:type\" content=\"article\" \/>\n<meta property=\"og:title\" content=\"Les Condos Wilfrid - Bois-Franc \u00e0 Saint-Laurent\" \/>\n<meta property=\"og:description\" content=\"Les condos Wilfrid, situ\u00e9s \u00e0 Bois-Franc - Saint-Laurent, vous offrent 100 unit\u00e9s modernes de 1 ou 2 chambres \u00e0 coucher et sont toutes dot\u00e9es d\u2019un air climatis\u00e9 pour vous offrir un maximum de confort.\" \/>\n<meta property=\"og:url\" content=\"https:\/\/www.boisfranc.com\/wilfrid\/nous-joindre\/\" \/>\n<meta property=\"og:site_name\" content=\"Wilfrid\" \/>\n<meta property=\"article:modified_time\" content=\"2021-11-05T14:30:10+00:00\" \/>\n<meta property=\"og:image\" content=\"https:\/\/www.boisfranc.com\/content\/uploads\/sites\/46\/2020\/02\/nous-joindre-header.jpg\" \/>\n\t<meta property=\"og:image:width\" content=\"1920\" \/>\n\t<meta property=\"og:image:height\" content=\"786\" \/>\n<meta name=\"twitter:card\" content=\"summary\" \/>\n<meta name=\"twitter:label1\" content=\"Dur\u00e9e de lecture est.\" \/>\n\t<meta name=\"twitter:data1\" content=\"2 minutes\" \/>\n<script type=\"application\/ld+json\" class=\"yoast-schema-graph\">{\"@context\":\"https:\/\/schema.org\",\"@graph\":[{\"@type\":\"WebSite\",\"@id\":\"https:\/\/www.boisfranc.com\/wilfrid\/#website\",\"url\":\"https:\/\/www.boisfranc.com\/wilfrid\/\",\"name\":\"Wilfrid\",\"description\":\"Un site utilisant R\\u00e9seau Boisfranc\",\"potentialAction\":[{\"@type\":\"SearchAction\",\"target\":{\"@type\":\"EntryPoint\",\"urlTemplate\":\"https:\/\/www.boisfranc.com\/wilfrid\/?s={search_term_string}\"},\"query-input\":\"required name=search_term_string\"}],\"inLanguage\":\"fr-FR\"},{\"@type\":\"ImageObject\",\"@id\":\"https:\/\/www.boisfranc.com\/wilfrid\/nous-joindre\/#primaryimage\",\"inLanguage\":\"fr-FR\",\"url\":\"https:\/\/www.boisfranc.com\/content\/uploads\/sites\/46\/2020\/02\/nous-joindre-header.jpg\",\"contentUrl\":\"https:\/\/www.boisfranc.com\/content\/uploads\/sites\/46\/2020\/02\/nous-joindre-header.jpg\",\"width\":1920,\"height\":786},{\"@type\":\"WebPage\",\"@id\":\"https:\/\/www.boisfranc.com\/wilfrid\/nous-joindre\/#webpage\",\"url\":\"https:\/\/www.boisfranc.com\/wilfrid\/nous-joindre\/\",\"name\":\"Les Condos Wilfrid - Bois-Franc \\u00e0 Saint-Laurent\",\"isPartOf\":{\"@id\":\"https:\/\/www.boisfranc.com\/wilfrid\/#website\"},\"primaryImageOfPage\":{\"@id\":\"https:\/\/www.boisfranc.com\/wilfrid\/nous-joindre\/#primaryimage\"},\"datePublished\":\"2020-02-01T17:11:00+00:00\",\"dateModified\":\"2021-11-05T14:30:10+00:00\",\"description\":\"Les condos Wilfrid, situ\\u00e9s \\u00e0 Bois-Franc - Saint-Laurent, vous offrent 100 unit\\u00e9s modernes de 1 ou 2 chambres \\u00e0 coucher et sont toutes dot\\u00e9es d\\u2019un air climatis\\u00e9 pour vous offrir un maximum de confort.\",\"breadcrumb\":{\"@id\":\"https:\/\/www.boisfranc.com\/wilfrid\/nous-joindre\/#breadcrumb\"},\"inLanguage\":\"fr-FR\",\"potentialAction\":[{\"@type\":\"ReadAction\",\"target\":[\"https:\/\/www.boisfranc.com\/wilfrid\/nous-joindre\/\"]}]},{\"@type\":\"BreadcrumbList\",\"@id\":\"https:\/\/www.boisfranc.com\/wilfrid\/nous-joindre\/#breadcrumb\",\"itemListElement\":[{\"@type\":\"ListItem\",\"position\":1,\"name\":\"Accueil\",\"item\":\"https:\/\/www.boisfranc.com\/wilfrid\/\"},{\"@type\":\"ListItem\",\"position\":2,\"name\":\"Nous joindre\"}]}]}<\/script>\n<!-- \/ Yoast SEO plugin. -->","yoast_head_json":{"title":"Les Condos Wilfrid - Bois-Franc \u00e0 Saint-Laurent","description":"Les condos Wilfrid, situ\u00e9s \u00e0 Bois-Franc - Saint-Laurent, vous offrent 100 unit\u00e9s modernes de 1 ou 2 chambres \u00e0 coucher et sont toutes dot\u00e9es d\u2019un air climatis\u00e9 pour vous offrir un maximum de confort.","robots":{"index":"index","follow":"follow","max-snippet":"max-snippet:-1","max-image-preview":"max-image-preview:large","max-video-preview":"max-video-preview:-1"},"canonical":"https:\/\/www.boisfranc.com\/wilfrid\/nous-joindre\/","og_locale":"fr_FR","og_type":"article","og_title":"Les Condos Wilfrid - Bois-Franc \u00e0 Saint-Laurent","og_description":"Les condos Wilfrid, situ\u00e9s \u00e0 Bois-Franc - Saint-Laurent, vous offrent 100 unit\u00e9s modernes de 1 ou 2 chambres \u00e0 coucher et sont toutes dot\u00e9es d\u2019un air climatis\u00e9 pour vous offrir un maximum de confort.","og_url":"https:\/\/www.boisfranc.com\/wilfrid\/nous-joindre\/","og_site_name":"Wilfrid","article_modified_time":"2021-11-05T14:30:10+00:00","og_image":[{"width":1920,"height":786,"url":"https:\/\/www.boisfranc.com\/content\/uploads\/sites\/46\/2020\/02\/nous-joindre-header.jpg","type":"image\/jpeg"}],"twitter_card":"summary","twitter_misc":{"Dur\u00e9e de lecture est.":"2 minutes"},"schema":{"@context":"https:\/\/schema.org","@graph":[{"@type":"WebSite","@id":"https:\/\/www.boisfranc.com\/wilfrid\/#website","url":"https:\/\/www.boisfranc.com\/wilfrid\/","name":"Wilfrid","description":"Un site utilisant R\u00e9seau Boisfranc","potentialAction":[{"@type":"SearchAction","target":{"@type":"EntryPoint","urlTemplate":"https:\/\/www.boisfranc.com\/wilfrid\/?s={search_term_string}"},"query-input":"required name=search_term_string"}],"inLanguage":"fr-FR"},{"@type":"ImageObject","@id":"https:\/\/www.boisfranc.com\/wilfrid\/nous-joindre\/#primaryimage","inLanguage":"fr-FR","url":"https:\/\/www.boisfranc.com\/content\/uploads\/sites\/46\/2020\/02\/nous-joindre-header.jpg","contentUrl":"https:\/\/www.boisfranc.com\/content\/uploads\/sites\/46\/2020\/02\/nous-joindre-header.jpg","width":1920,"height":786},{"@type":"WebPage","@id":"https:\/\/www.boisfranc.com\/wilfrid\/nous-joindre\/#webpage","url":"https:\/\/www.boisfranc.com\/wilfrid\/nous-joindre\/","name":"Les Condos Wilfrid - Bois-Franc \u00e0 Saint-Laurent","isPartOf":{"@id":"https:\/\/www.boisfranc.com\/wilfrid\/#website"},"primaryImageOfPage":{"@id":"https:\/\/www.boisfranc.com\/wilfrid\/nous-joindre\/#primaryimage"},"datePublished":"2020-02-01T17:11:00+00:00","dateModified":"2021-11-05T14:30:10+00:00","description":"Les condos Wilfrid, situ\u00e9s \u00e0 Bois-Franc - Saint-Laurent, vous offrent 100 unit\u00e9s modernes de 1 ou 2 chambres \u00e0 coucher et sont toutes dot\u00e9es d\u2019un air climatis\u00e9 pour vous offrir un maximum de confort.","breadcrumb":{"@id":"https:\/\/www.boisfranc.com\/wilfrid\/nous-joindre\/#breadcrumb"},"inLanguage":"fr-FR","potentialAction":[{"@type":"ReadAction","target":["https:\/\/www.boisfranc.com\/wilfrid\/nous-joindre\/"]}]},{"@type":"BreadcrumbList","@id":"https:\/\/www.boisfranc.com\/wilfrid\/nous-joindre\/#breadcrumb","itemListElement":[{"@type":"ListItem","position":1,"name":"Accueil","item":"https:\/\/www.boisfranc.com\/wilfrid\/"},{"@type":"ListItem","position":2,"name":"Nous joindre"}]}]}},"_links":{"self":[{"href":"https:\/\/www.boisfranc.com\/wilfrid\/wp-json\/wp\/v2\/pages\/714"}],"collection":[{"href":"https:\/\/www.boisfranc.com\/wilfrid\/wp-json\/wp\/v2\/pages"}],"about":[{"href":"https:\/\/www.boisfranc.com\/wilfrid\/wp-json\/wp\/v2\/types\/page"}],"author":[{"embeddable":true,"href":"https:\/\/www.boisfranc.com\/wilfrid\/wp-json\/wp\/v2\/users\/14"}],"replies":[{"embeddable":true,"href":"https:\/\/www.boisfranc.com\/wilfrid\/wp-json\/wp\/v2\/comments?post=714"}],"version-history":[{"count":43,"href":"https:\/\/www.boisfranc.com\/wilfrid\/wp-json\/wp\/v2\/pages\/714\/revisions"}],"predecessor-version":[{"id":3430,"href":"https:\/\/www.boisfranc.com\/wilfrid\/wp-json\/wp\/v2\/pages\/714\/revisions\/3430"}],"wp:featuredmedia":[{"embeddable":true,"href":"https:\/\/www.boisfranc.com\/wilfrid\/wp-json\/wp\/v2\/media\/720"}],"wp:attachment":[{"href":"https:\/\/www.boisfranc.com\/wilfrid\/wp-json\/wp\/v2\/media?parent=714"}],"curies":[{"name":"wp","href":"https:\/\/api.w.org\/{rel}","templated":true}]}}