{"id":629,"date":"2020-02-01T16:52:55","date_gmt":"2020-02-01T15:52:55","guid":{"rendered":"https:\/\/www.boisfranc.com\/wilfrid-dev\/?page_id=629"},"modified":"2020-02-17T17:32:21","modified_gmt":"2020-02-17T16:32:21","slug":"caracteristiques","status":"publish","type":"page","link":"https:\/\/www.boisfranc.com\/wilfrid\/caracteristiques\/","title":{"rendered":"Caract\u00e9ristiques"},"content":{"rendered":"<p>[vc_row section_type=\u00a0\u00bbfullwidth\u00a0\u00bb bg_type=\u00a0\u00bbcolor\u00a0\u00bb header_feature=\u00a0\u00bbyes\u00a0\u00bb equal_column_height=\u00a0\u00bbmiddle-content\u00a0\u00bb bg_color=\u00a0\u00bb#f1efe3&Prime; margin_bottom=\u00a0\u00bb0px\u00a0\u00bb el_class=\u00a0\u00bbrow-wilfrid-sub-blue-block\u00a0\u00bb][vc_column width=\u00a0\u00bb1\/2&Prime; css=\u00a0\u00bb.vc_custom_1580572780481{background-image: url(http:\/\/www.boisfranc.com\/content\/uploads\/sites\/46\/2020\/02\/image-salon.jpg?id=636) !important;background-position: center !important;background-repeat: no-repeat !important;background-size: cover !important;}\u00a0\u00bb][vc_empty_space height=\u00a0\u00bb300px\u00a0\u00bb][vc_empty_space height=\u00a0\u00bb300px\u00a0\u00bb el_class=\u00a0\u00bbrow-height-hidden\u00a0\u00bb][\/vc_column][vc_column width=\u00a0\u00bb1\/2&Prime; css=\u00a0\u00bb.vc_custom_1580572970592{background-color: #f7f7f7 !important;background-position: center !important;background-repeat: no-repeat !important;background-size: cover !important;}\u00a0\u00bb el_id=\u00a0\u00bbpage-row-right\u00a0\u00bb][vc_empty_space height=\u00a0\u00bb50px\u00a0\u00bb][vc_empty_space height=\u00a0\u00bb50px\u00a0\u00bb el_class=\u00a0\u00bbrow-height-hidden\u00a0\u00bb][vc_column_text]<\/p>\n<h2 class=\"green-title-left\">La vie de condo<br \/>\nen premi\u00e8re classe<\/h2>\n<p>[\/vc_column_text][vc_column_text]<\/p>\n<h3>Un chez-soi qui se d\u00e9marque.<\/h3>\n<p class=\"txt-block-air-communes-left\" style=\"text-align: left;\">Le projet de condos Wilfrid, situ\u00e9 \u00e0 Bois-Franc, vous offre 100 unit\u00e9s de condos luxueuses, r\u00e9parties sur 5 \u00e9tages. Les unit\u00e9s se distinguent par leur fenestration abondante, leurs hauts plafonds, leur cuisine moderne et l\u2019\u00e9l\u00e9gance des salles de bain.<\/p>\n<ul class=\"ul-block-air-communes-right\">\n<li>Unit\u00e9 de type studio, ou de 1 \u00e0 2 chambres \u00e0 coucher<\/li>\n<li>Superficie variant de 460 \u00e0 969 pi<sup>2<\/sup><\/li>\n<li>Cuisine haut de gamme incluant 5 \u00e9lectrom\u00e9nagers<\/li>\n<li>Salle(s) de bain \u00e9l\u00e9gantes(s)<\/li>\n<li>Fenestration abondante<\/li>\n<li>Plafond de 9 pi avec b\u00e9ton expos\u00e9 (9\u00bd pi pour les suites ex\u00e9cutives du sixi\u00e8me\u00a0\u00e9tage)<\/li>\n<li>Climatisation centrale, comprenant une thermopompe situ\u00e9e sur le toit pour assurer une tranquillit\u00e9<\/li>\n<li>Espaces de stationnements souterrains chauff\u00e9s<\/li>\n<li>Espaces individuels de rangement pour toutes les unit\u00e9s<\/li>\n<li>Personnalisation des unit\u00e9s disponible, \u00e0 partir de diff\u00e9rents choix de couleurs et options<\/li>\n<\/ul>\n<p>[\/vc_column_text][vc_empty_space height=\u00a0\u00bb50px\u00a0\u00bb][vc_empty_space height=\u00a0\u00bb50px\u00a0\u00bb el_class=\u00a0\u00bbrow-height-hidden\u00a0\u00bb][\/vc_column][\/vc_row][vc_row section_type=\u00a0\u00bbfullwidth\u00a0\u00bb bg_type=\u00a0\u00bbcolor\u00a0\u00bb equal_column_height=\u00a0\u00bbmiddle-content\u00a0\u00bb padding_top=\u00a0\u00bb0px\u00a0\u00bb padding_bottom=\u00a0\u00bb0px\u00a0\u00bb margin_bottom=\u00a0\u00bb0px\u00a0\u00bb bg_color=\u00a0\u00bb#1db9ac\u00a0\u00bb el_class=\u00a0\u00bbline-green-project-cara\u00a0\u00bb][vc_column][vc_empty_space height=\u00a0\u00bb80px\u00a0\u00bb el_class=\u00a0\u00bbrow-height-hidden\u00a0\u00bb][vc_column_text]<\/p>\n<h2 class=\"txt-block-center-row-white\" style=\"margin-bottom: 0px;\">Le projet de condos Wilfrid est candidat \u00e0 la certification LEED Argent<\/h2>\n<p>[\/vc_column_text][vc_empty_space height=\u00a0\u00bb60px\u00a0\u00bb el_class=\u00a0\u00bbrow-height-hidden\u00a0\u00bb][\/vc_column][\/vc_row][vc_row section_type=\u00a0\u00bbfullwidth\u00a0\u00bb bg_type=\u00a0\u00bbcolor\u00a0\u00bb equal_column_height=\u00a0\u00bbmiddle-content\u00a0\u00bb bg_color=\u00a0\u00bb#f1efe3&Prime; margin_bottom=\u00a0\u00bb0px\u00a0\u00bb el_class=\u00a0\u00bbrow-wilfrid-sub-blue-block\u00a0\u00bb][vc_column width=\u00a0\u00bb1\/2&Prime; css=\u00a0\u00bb.vc_custom_1580574002136{background-color: #f7f7f7 !important;background-position: center !important;background-repeat: no-repeat !important;background-size: cover !important;}\u00a0\u00bb el_id=\u00a0\u00bbpage-row-left\u00a0\u00bb][vc_empty_space height=\u00a0\u00bb50px\u00a0\u00bb][vc_empty_space height=\u00a0\u00bb50px\u00a0\u00bb el_class=\u00a0\u00bbrow-height-hidden\u00a0\u00bb][vc_column_text]<\/p>\n<h2 class=\"green-title-left\">Plans d\u2019unit\u00e9s individuelles<\/h2>\n<p>[\/vc_column_text][vc_column_text]<\/p>\n<p class=\"txt-block-air-communes-left\" style=\"text-align: left;\">D\u00e9couvrez les diff\u00e9rents plans de plancher disponibles<br \/>\nafin de vous permettre de choisir votre unit\u00e9.<\/p>\n<p>[\/vc_column_text][vc_column_text]<\/p>\n<p style=\"text-align: left;\"><a class=\"link-block-le-wilfrid-left\" style=\"padding-left: 0px;\" href=\"https:\/\/www.boisfranc.com\/wilfrid\/plans\">D\u00e9couvrez les plans<span class=\"plus-block-le-wilfrid-left\">\u00a0\u00a0\u00a0+<\/span><\/a><\/p>\n<p>[\/vc_column_text][vc_empty_space height=\u00a0\u00bb50px\u00a0\u00bb][vc_empty_space height=\u00a0\u00bb50px\u00a0\u00bb el_class=\u00a0\u00bbrow-height-hidden\u00a0\u00bb][\/vc_column][vc_column width=\u00a0\u00bb1\/2&Prime; css=\u00a0\u00bb.vc_custom_1580573980383{background-image: url(http:\/\/www.boisfranc.com\/content\/uploads\/sites\/46\/2020\/02\/image-cuisine.jpg?id=651) !important;background-position: center !important;background-repeat: no-repeat !important;background-size: cover !important;}\u00a0\u00bb][vc_empty_space height=\u00a0\u00bb250px\u00a0\u00bb][vc_empty_space height=\u00a0\u00bb250px\u00a0\u00bb el_class=\u00a0\u00bbrow-height-hidden\u00a0\u00bb][\/vc_column][\/vc_row][vc_row section_type=\u00a0\u00bbfullwidth\u00a0\u00bb bg_type=\u00a0\u00bbcolor\u00a0\u00bb header_feature=\u00a0\u00bbyes\u00a0\u00bb equal_column_height=\u00a0\u00bbmiddle-content\u00a0\u00bb bg_color=\u00a0\u00bb#f1efe3&Prime; margin_bottom=\u00a0\u00bb0px\u00a0\u00bb el_class=\u00a0\u00bbrow-wilfrid-sub-blue-block\u00a0\u00bb][vc_column width=\u00a0\u00bb1\/2&Prime; css=\u00a0\u00bb.vc_custom_1580574451389{background-image: url(http:\/\/www.boisfranc.com\/content\/uploads\/sites\/46\/2020\/02\/image-historique.jpg?id=661) !important;background-position: center !important;background-repeat: no-repeat !important;background-size: cover !important;}\u00a0\u00bb][vc_empty_space height=\u00a0\u00bb300px\u00a0\u00bb][vc_empty_space height=\u00a0\u00bb300px\u00a0\u00bb el_class=\u00a0\u00bbrow-height-hidden\u00a0\u00bb][\/vc_column][vc_column width=\u00a0\u00bb1\/2&Prime; css=\u00a0\u00bb.vc_custom_1580574562134{background-color: #f7f7f7 !important;background-position: center !important;background-repeat: no-repeat !important;background-size: cover !important;}\u00a0\u00bb el_id=\u00a0\u00bbpage-row-right\u00a0\u00bb][vc_empty_space height=\u00a0\u00bb50px\u00a0\u00bb][vc_empty_space height=\u00a0\u00bb50px\u00a0\u00bb el_class=\u00a0\u00bbrow-height-hidden\u00a0\u00bb][vc_column_text]<\/p>\n<h2 class=\"green-title-left\">Des condos<br \/>\nau charme a\u00e9rien<\/h2>\n<p>[\/vc_column_text][vc_column_text]<\/p>\n<p class=\"txt-block-air-communes-left\" style=\"text-align: left;\">Tout comme les trois phases du pr\u00e9c\u00e9dent projet WR, le nom Wilfrid rend hommage \u00e0 Wilfrid Reid, pionnier de l\u2019aviation \u00e0 Montr\u00e9al. Les lignes audacieuses du b\u00e2timent offrent \u00e0 la fois un clin d\u2019\u0153il aux origines du site et un pas dans la modernit\u00e9.<\/p>\n<p>[\/vc_column_text][vc_column_text]<\/p>\n<p style=\"text-align: left;\"><a class=\"link-block-le-wilfrid-left\" style=\"padding-left: 0px;\" href=\"https:\/\/www.boisfranc.com\/wilfrid\/le-wilfrid-nomme-en-lhonneur-dun-pionnier-de-laviation-a-montreal\/\">D\u00e9couvrez l\u2019historique du Wilfrid<span class=\"plus-block-le-wilfrid-left\">\u00a0\u00a0\u00a0+<\/span><\/a><\/p>\n<p>[\/vc_column_text][vc_empty_space height=\u00a0\u00bb50px\u00a0\u00bb][vc_empty_space height=\u00a0\u00bb50px\u00a0\u00bb el_class=\u00a0\u00bbrow-height-hidden\u00a0\u00bb][\/vc_column][\/vc_row][vc_row bg_type=\u00a0\u00bbgradient\u00a0\u00bb bg_gradient_color_1=\u00a0\u00bb#242a5e\u00a0\u00bb bg_gradient_color_2=\u00a0\u00bb#0f2344&Prime; bg_gradient_direction=\u00a0\u00bb135&Prime; footer_feature=\u00a0\u00bbyes\u00a0\u00bb padding_bottom=\u00a0\u00bb100px\u00a0\u00bb el_class=\u00a0\u00bbblock-map-bottom\u00a0\u00bb][vc_column css=\u00a0\u00bb.vc_custom_1580527069121{margin-top: -1px !important;}\u00a0\u00bb][vc_empty_space height=\u00a0\u00bb60px\u00a0\u00bb][vc_empty_space height=\u00a0\u00bb50px\u00a0\u00bb el_class=\u00a0\u00bbrow-height-hidden\u00a0\u00bb][vc_column_text el_class=\u00a0\u00bbblock-subheader-home map-bottom-resp\u00a0\u00bb]<\/p>\n<h2 class=\"title-block-map\">Quartier <span style=\"white-space: nowrap;\">Bois-franc<\/span><\/h2>\n<p class=\"txt-block-map\">Le Wilfrid est situ\u00e9 dans le d\u00e9veloppement de Bois-Franc, \u00e0 Saint-Laurent. Le quartier Bois-Franc est un lieu aux destinations infinies, \u00e0 proximit\u00e9 du futur REM, offrant un style de vie actif, social et professionnel.<\/p>\n<p>[\/vc_column_text][vc_column_text css=\u00a0\u00bb.vc_custom_1580527649243{margin-top: -25px !important;}\u00a0\u00bb]<img loading=\"lazy\" class=\"wp-image-533 aligncenter\" src=\"http:\/\/www.boisfranc.com\/content\/uploads\/sites\/46\/2020\/02\/icone-transports.png\" alt=\"\" width=\"405\" height=\"96\" srcset=\"https:\/\/www.boisfranc.com\/content\/uploads\/sites\/46\/2020\/02\/icone-transports.png 747w, https:\/\/www.boisfranc.com\/content\/uploads\/sites\/46\/2020\/02\/icone-transports-300x71.png 300w\" sizes=\"(max-width: 405px) 100vw, 405px\" \/>[\/vc_column_text][vc_column_text]\n            \n            \n            \n            <a name='map1'><\/a>\n            \n            \n            \n            \n            <div class=\"wpgmza_map \"  id=\"wpgmza_map_1\" style=\"display:block; overflow:auto; width:100%; height:400px; float:left;\" data-settings='{\"id\":\"1\",\"map_title\":\"CARTE FR\",\"map_width\":\"100\",\"map_height\":\"400\",\"map_start_lat\":\"45.521221\",\"map_start_lng\":\"-73.709799\",\"map_start_location\":\"45.521220990993776,-73.70979866137694\",\"map_start_zoom\":\"15\",\"default_marker\":\"0\",\"type\":\"1\",\"alignment\":\"1\",\"directions_enabled\":\"0\",\"styling_enabled\":\"0\",\"styling_json\":\"\",\"active\":\"0\",\"kml\":\"\",\"bicycle\":\"0\",\"traffic\":\"0\",\"dbox\":\"1\",\"dbox_width\":\"100\",\"listmarkers\":\"0\",\"listmarkers_advanced\":\"0\",\"filterbycat\":\"0\",\"ugm_enabled\":\"0\",\"ugm_category_enabled\":\"0\",\"fusion\":\"\",\"map_width_type\":\"\\\\%\",\"map_height_type\":\"px\",\"mass_marker_support\":\"1\",\"ugm_access\":\"0\",\"order_markers_by\":\"1\",\"order_markers_choice\":\"2\",\"show_user_location\":\"2\",\"default_to\":\"\",\"other_settings\":{\"wpgmza_store_locator_restrict\":\"\",\"wpgmza_sl_animation\":\"1\",\"store_locator_query_string\":\"Code Postal \\\/ Adresse\",\"store_locator_name_string\":\"Titre \\\/ Description\",\"store_locator_default_address\":\"\",\"wpgmza_dbox_width_type\":\"%\",\"map_max_zoom\":\"3\",\"map_min_zoom\":\"21\",\"sl_stroke_color\":\"FF0000\",\"sl_stroke_opacity\":\"0.25\",\"sl_fill_color\":\"FF0000\",\"sl_fill_opacity\":\"0.15\",\"click_open_link\":2,\"transport_layer\":0,\"iw_primary_color\":\"2A3744\",\"iw_accent_color\":\"252F3A\",\"iw_text_color\":\"FFFFFF\",\"wpgmza_iw_type\":\"0\",\"list_markers_by\":\"0\",\"push_in_map\":\"\",\"push_in_map_placement\":\"9\",\"wpgmza_push_in_map_width\":\"\",\"wpgmza_push_in_map_height\":\"\",\"wpgmza_theme_data\":\"[{\\\\\\\"featureType\\\\\\\":\\\\\\\"landscape\\\\\\\",\\\\\\\"stylers\\\\\\\":[{\\\\\\\"saturation\\\\\\\":-100},{\\\\\\\"lightness\\\\\\\":65},{\\\\\\\"visibility\\\\\\\":\\\\\\\"on\\\\\\\"}]},{\\\\\\\"featureType\\\\\\\":\\\\\\\"poi\\\\\\\",\\\\\\\"stylers\\\\\\\":[{\\\\\\\"saturation\\\\\\\":-100},{\\\\\\\"lightness\\\\\\\":51},{\\\\\\\"visibility\\\\\\\":\\\\\\\"simplified\\\\\\\"}]},{\\\\\\\"featureType\\\\\\\":\\\\\\\"road.highway\\\\\\\",\\\\\\\"stylers\\\\\\\":[{\\\\\\\"saturation\\\\\\\":-100},{\\\\\\\"visibility\\\\\\\":\\\\\\\"simplified\\\\\\\"}]},{\\\\\\\"featureType\\\\\\\":\\\\\\\"road.arterial\\\\\\\",\\\\\\\"stylers\\\\\\\":[{\\\\\\\"saturation\\\\\\\":-100},{\\\\\\\"lightness\\\\\\\":30},{\\\\\\\"visibility\\\\\\\":\\\\\\\"on\\\\\\\"}]},{\\\\\\\"featureType\\\\\\\":\\\\\\\"road.local\\\\\\\",\\\\\\\"stylers\\\\\\\":[{\\\\\\\"saturation\\\\\\\":-100},{\\\\\\\"lightness\\\\\\\":40},{\\\\\\\"visibility\\\\\\\":\\\\\\\"on\\\\\\\"}]},{\\\\\\\"featureType\\\\\\\":\\\\\\\"transit\\\\\\\",\\\\\\\"stylers\\\\\\\":[{\\\\\\\"saturation\\\\\\\":-100},{\\\\\\\"visibility\\\\\\\":\\\\\\\"simplified\\\\\\\"}]},{\\\\\\\"featureType\\\\\\\":\\\\\\\"administrative.province\\\\\\\",\\\\\\\"stylers\\\\\\\":[{\\\\\\\"visibility\\\\\\\":\\\\\\\"off\\\\\\\"}]},{\\\\\\\"featureType\\\\\\\":\\\\\\\"water\\\\\\\",\\\\\\\"elementType\\\\\\\":\\\\\\\"labels\\\\\\\",\\\\\\\"stylers\\\\\\\":[{\\\\\\\"visibility\\\\\\\":\\\\\\\"on\\\\\\\"},{\\\\\\\"lightness\\\\\\\":-25},{\\\\\\\"saturation\\\\\\\":-100}]},{\\\\\\\"featureType\\\\\\\":\\\\\\\"water\\\\\\\",\\\\\\\"elementType\\\\\\\":\\\\\\\"geometry\\\\\\\",\\\\\\\"stylers\\\\\\\":[{\\\\\\\"hue\\\\\\\":\\\\\\\"#ffff00\\\\\\\"},{\\\\\\\"lightness\\\\\\\":-25},{\\\\\\\"saturation\\\\\\\":-97}]}]\",\"wpgmza_theme_selection\":3,\"upload_default_ul_marker\":\"\",\"upload_default_sl_marker\":\"\",\"shortcodeAttributes\":{\"id\":\"1\"}}}' data-map-id='1' data-shortcode-attributes='{\"id\":\"1\"}'> <\/div>\n            \n               \n        [\/vc_column_text][\/vc_column][\/vc_row]<\/p>\n","protected":false},"excerpt":{"rendered":"<p>[vc_row section_type=\u00a0\u00bbfullwidth\u00a0\u00bb bg_type=\u00a0\u00bbcolor\u00a0\u00bb header_feature=\u00a0\u00bbyes\u00a0\u00bb equal_column_height=\u00a0\u00bbmiddle-content\u00a0\u00bb bg_color=\u00a0\u00bb#f1efe3&Prime; margin_bottom=\u00a0\u00bb0px\u00a0\u00bb el_class=\u00a0\u00bbrow-wilfrid-sub-blue-block\u00a0\u00bb][vc_column width=\u00a0\u00bb1\/2&Prime; css=\u00a0\u00bb.vc_custom_1580572780481{background-image: url(http:\/\/www.boisfranc.com\/content\/uploads\/sites\/46\/2020\/02\/image-salon.jpg?id=636) !important;background-position: center !important;background-repeat: no-repeat !important;background-size: cover !important;}\u00a0\u00bb][vc_empty_space height=\u00a0\u00bb300px\u00a0\u00bb][vc_empty_space height=\u00a0\u00bb300px\u00a0\u00bb el_class=\u00a0\u00bbrow-height-hidden\u00a0\u00bb][\/vc_column][vc_column width=\u00a0\u00bb1\/2&Prime; css=\u00a0\u00bb.vc_custom_1580572970592{background-color: #f7f7f7 !important;background-position: center !important;background-repeat: no-repeat !important;background-size: cover !important;}\u00a0\u00bb el_id=\u00a0\u00bbpage-row-right\u00a0\u00bb][vc_empty_space height=\u00a0\u00bb50px\u00a0\u00bb][vc_empty_space height=\u00a0\u00bb50px\u00a0\u00bb el_class=\u00a0\u00bbrow-height-hidden\u00a0\u00bb][vc_column_text] La vie de condo en premi\u00e8re classe [\/vc_column_text][vc_column_text] Un chez-soi qui se d\u00e9marque. Le projet de condos Wilfrid, situ\u00e9 \u00e0 [&hellip;]<\/p>\n","protected":false},"author":14,"featured_media":632,"parent":0,"menu_order":0,"comment_status":"closed","ping_status":"open","template":"","meta":[],"yoast_head":"<!-- This site is optimized with the Yoast SEO plugin v17.4 - https:\/\/yoast.com\/wordpress\/plugins\/seo\/ -->\n<title>Les Condos Wilfrid - Bois-Franc \u00e0 Saint-Laurent<\/title>\n<meta name=\"description\" content=\"Les condos Wilfrid, situ\u00e9s \u00e0 Bois-Franc - Saint-Laurent, vous offrent 100 unit\u00e9s modernes de 1 ou 2 chambres \u00e0 coucher et sont toutes dot\u00e9es d\u2019un air climatis\u00e9 pour vous offrir un maximum de confort.\" \/>\n<meta name=\"robots\" content=\"index, follow, max-snippet:-1, max-image-preview:large, max-video-preview:-1\" \/>\n<link rel=\"canonical\" href=\"https:\/\/www.boisfranc.com\/wilfrid\/caracteristiques\/\" \/>\n<meta property=\"og:locale\" content=\"fr_FR\" \/>\n<meta property=\"og:type\" content=\"article\" \/>\n<meta property=\"og:title\" content=\"Les Condos Wilfrid - Bois-Franc \u00e0 Saint-Laurent\" \/>\n<meta property=\"og:description\" content=\"Les condos Wilfrid, situ\u00e9s \u00e0 Bois-Franc - Saint-Laurent, vous offrent 100 unit\u00e9s modernes de 1 ou 2 chambres \u00e0 coucher et sont toutes dot\u00e9es d\u2019un air climatis\u00e9 pour vous offrir un maximum de confort.\" \/>\n<meta property=\"og:url\" content=\"https:\/\/www.boisfranc.com\/wilfrid\/caracteristiques\/\" \/>\n<meta property=\"og:site_name\" content=\"Wilfrid\" \/>\n<meta property=\"article:modified_time\" content=\"2020-02-17T16:32:21+00:00\" \/>\n<meta property=\"og:image\" content=\"https:\/\/www.boisfranc.com\/content\/uploads\/sites\/46\/2020\/02\/caracteristiques-header.jpg\" \/>\n\t<meta property=\"og:image:width\" content=\"1920\" \/>\n\t<meta property=\"og:image:height\" content=\"786\" \/>\n<meta name=\"twitter:card\" content=\"summary\" \/>\n<meta name=\"twitter:label1\" content=\"Dur\u00e9e de lecture est.\" \/>\n\t<meta name=\"twitter:data1\" content=\"4 minutes\" \/>\n<script type=\"application\/ld+json\" class=\"yoast-schema-graph\">{\"@context\":\"https:\/\/schema.org\",\"@graph\":[{\"@type\":\"WebSite\",\"@id\":\"https:\/\/www.boisfranc.com\/wilfrid\/#website\",\"url\":\"https:\/\/www.boisfranc.com\/wilfrid\/\",\"name\":\"Wilfrid\",\"description\":\"Un site utilisant R\\u00e9seau Boisfranc\",\"potentialAction\":[{\"@type\":\"SearchAction\",\"target\":{\"@type\":\"EntryPoint\",\"urlTemplate\":\"https:\/\/www.boisfranc.com\/wilfrid\/?s={search_term_string}\"},\"query-input\":\"required name=search_term_string\"}],\"inLanguage\":\"fr-FR\"},{\"@type\":\"ImageObject\",\"@id\":\"https:\/\/www.boisfranc.com\/wilfrid\/caracteristiques\/#primaryimage\",\"inLanguage\":\"fr-FR\",\"url\":\"https:\/\/www.boisfranc.com\/content\/uploads\/sites\/46\/2020\/02\/caracteristiques-header.jpg\",\"contentUrl\":\"https:\/\/www.boisfranc.com\/content\/uploads\/sites\/46\/2020\/02\/caracteristiques-header.jpg\",\"width\":1920,\"height\":786},{\"@type\":\"WebPage\",\"@id\":\"https:\/\/www.boisfranc.com\/wilfrid\/caracteristiques\/#webpage\",\"url\":\"https:\/\/www.boisfranc.com\/wilfrid\/caracteristiques\/\",\"name\":\"Les Condos Wilfrid - Bois-Franc \\u00e0 Saint-Laurent\",\"isPartOf\":{\"@id\":\"https:\/\/www.boisfranc.com\/wilfrid\/#website\"},\"primaryImageOfPage\":{\"@id\":\"https:\/\/www.boisfranc.com\/wilfrid\/caracteristiques\/#primaryimage\"},\"datePublished\":\"2020-02-01T15:52:55+00:00\",\"dateModified\":\"2020-02-17T16:32:21+00:00\",\"description\":\"Les condos Wilfrid, situ\\u00e9s \\u00e0 Bois-Franc - Saint-Laurent, vous offrent 100 unit\\u00e9s modernes de 1 ou 2 chambres \\u00e0 coucher et sont toutes dot\\u00e9es d\\u2019un air climatis\\u00e9 pour vous offrir un maximum de confort.\",\"breadcrumb\":{\"@id\":\"https:\/\/www.boisfranc.com\/wilfrid\/caracteristiques\/#breadcrumb\"},\"inLanguage\":\"fr-FR\",\"potentialAction\":[{\"@type\":\"ReadAction\",\"target\":[\"https:\/\/www.boisfranc.com\/wilfrid\/caracteristiques\/\"]}]},{\"@type\":\"BreadcrumbList\",\"@id\":\"https:\/\/www.boisfranc.com\/wilfrid\/caracteristiques\/#breadcrumb\",\"itemListElement\":[{\"@type\":\"ListItem\",\"position\":1,\"name\":\"Accueil\",\"item\":\"https:\/\/www.boisfranc.com\/wilfrid\/\"},{\"@type\":\"ListItem\",\"position\":2,\"name\":\"Caract\\u00e9ristiques\"}]}]}<\/script>\n<!-- \/ Yoast SEO plugin. -->","yoast_head_json":{"title":"Les Condos Wilfrid - Bois-Franc \u00e0 Saint-Laurent","description":"Les condos Wilfrid, situ\u00e9s \u00e0 Bois-Franc - Saint-Laurent, vous offrent 100 unit\u00e9s modernes de 1 ou 2 chambres \u00e0 coucher et sont toutes dot\u00e9es d\u2019un air climatis\u00e9 pour vous offrir un maximum de confort.","robots":{"index":"index","follow":"follow","max-snippet":"max-snippet:-1","max-image-preview":"max-image-preview:large","max-video-preview":"max-video-preview:-1"},"canonical":"https:\/\/www.boisfranc.com\/wilfrid\/caracteristiques\/","og_locale":"fr_FR","og_type":"article","og_title":"Les Condos Wilfrid - Bois-Franc \u00e0 Saint-Laurent","og_description":"Les condos Wilfrid, situ\u00e9s \u00e0 Bois-Franc - Saint-Laurent, vous offrent 100 unit\u00e9s modernes de 1 ou 2 chambres \u00e0 coucher et sont toutes dot\u00e9es d\u2019un air climatis\u00e9 pour vous offrir un maximum de confort.","og_url":"https:\/\/www.boisfranc.com\/wilfrid\/caracteristiques\/","og_site_name":"Wilfrid","article_modified_time":"2020-02-17T16:32:21+00:00","og_image":[{"width":1920,"height":786,"url":"https:\/\/www.boisfranc.com\/content\/uploads\/sites\/46\/2020\/02\/caracteristiques-header.jpg","type":"image\/jpeg"}],"twitter_card":"summary","twitter_misc":{"Dur\u00e9e de lecture est.":"4 minutes"},"schema":{"@context":"https:\/\/schema.org","@graph":[{"@type":"WebSite","@id":"https:\/\/www.boisfranc.com\/wilfrid\/#website","url":"https:\/\/www.boisfranc.com\/wilfrid\/","name":"Wilfrid","description":"Un site utilisant R\u00e9seau Boisfranc","potentialAction":[{"@type":"SearchAction","target":{"@type":"EntryPoint","urlTemplate":"https:\/\/www.boisfranc.com\/wilfrid\/?s={search_term_string}"},"query-input":"required name=search_term_string"}],"inLanguage":"fr-FR"},{"@type":"ImageObject","@id":"https:\/\/www.boisfranc.com\/wilfrid\/caracteristiques\/#primaryimage","inLanguage":"fr-FR","url":"https:\/\/www.boisfranc.com\/content\/uploads\/sites\/46\/2020\/02\/caracteristiques-header.jpg","contentUrl":"https:\/\/www.boisfranc.com\/content\/uploads\/sites\/46\/2020\/02\/caracteristiques-header.jpg","width":1920,"height":786},{"@type":"WebPage","@id":"https:\/\/www.boisfranc.com\/wilfrid\/caracteristiques\/#webpage","url":"https:\/\/www.boisfranc.com\/wilfrid\/caracteristiques\/","name":"Les Condos Wilfrid - Bois-Franc \u00e0 Saint-Laurent","isPartOf":{"@id":"https:\/\/www.boisfranc.com\/wilfrid\/#website"},"primaryImageOfPage":{"@id":"https:\/\/www.boisfranc.com\/wilfrid\/caracteristiques\/#primaryimage"},"datePublished":"2020-02-01T15:52:55+00:00","dateModified":"2020-02-17T16:32:21+00:00","description":"Les condos Wilfrid, situ\u00e9s \u00e0 Bois-Franc - Saint-Laurent, vous offrent 100 unit\u00e9s modernes de 1 ou 2 chambres \u00e0 coucher et sont toutes dot\u00e9es d\u2019un air climatis\u00e9 pour vous offrir un maximum de confort.","breadcrumb":{"@id":"https:\/\/www.boisfranc.com\/wilfrid\/caracteristiques\/#breadcrumb"},"inLanguage":"fr-FR","potentialAction":[{"@type":"ReadAction","target":["https:\/\/www.boisfranc.com\/wilfrid\/caracteristiques\/"]}]},{"@type":"BreadcrumbList","@id":"https:\/\/www.boisfranc.com\/wilfrid\/caracteristiques\/#breadcrumb","itemListElement":[{"@type":"ListItem","position":1,"name":"Accueil","item":"https:\/\/www.boisfranc.com\/wilfrid\/"},{"@type":"ListItem","position":2,"name":"Caract\u00e9ristiques"}]}]}},"_links":{"self":[{"href":"https:\/\/www.boisfranc.com\/wilfrid\/wp-json\/wp\/v2\/pages\/629"}],"collection":[{"href":"https:\/\/www.boisfranc.com\/wilfrid\/wp-json\/wp\/v2\/pages"}],"about":[{"href":"https:\/\/www.boisfranc.com\/wilfrid\/wp-json\/wp\/v2\/types\/page"}],"author":[{"embeddable":true,"href":"https:\/\/www.boisfranc.com\/wilfrid\/wp-json\/wp\/v2\/users\/14"}],"replies":[{"embeddable":true,"href":"https:\/\/www.boisfranc.com\/wilfrid\/wp-json\/wp\/v2\/comments?post=629"}],"version-history":[{"count":47,"href":"https:\/\/www.boisfranc.com\/wilfrid\/wp-json\/wp\/v2\/pages\/629\/revisions"}],"predecessor-version":[{"id":2113,"href":"https:\/\/www.boisfranc.com\/wilfrid\/wp-json\/wp\/v2\/pages\/629\/revisions\/2113"}],"wp:featuredmedia":[{"embeddable":true,"href":"https:\/\/www.boisfranc.com\/wilfrid\/wp-json\/wp\/v2\/media\/632"}],"wp:attachment":[{"href":"https:\/\/www.boisfranc.com\/wilfrid\/wp-json\/wp\/v2\/media?parent=629"}],"curies":[{"name":"wp","href":"https:\/\/api.w.org\/{rel}","templated":true}]}}