{"id":584,"date":"2020-02-01T15:29:48","date_gmt":"2020-02-01T14:29:48","guid":{"rendered":"https:\/\/www.boisfranc.com\/wilfrid-dev\/?page_id=584"},"modified":"2020-05-19T16:32:59","modified_gmt":"2020-05-19T14:32:59","slug":"aires-communes","status":"publish","type":"page","link":"https:\/\/www.boisfranc.com\/wilfrid\/aires-communes\/","title":{"rendered":"Aires communes"},"content":{"rendered":"<p>[vc_row section_type=\u00a0\u00bbfullwidth\u00a0\u00bb bg_type=\u00a0\u00bbcolor\u00a0\u00bb header_feature=\u00a0\u00bbyes\u00a0\u00bb equal_column_height=\u00a0\u00bbmiddle-content\u00a0\u00bb bg_color=\u00a0\u00bb#f1efe3&Prime; margin_bottom=\u00a0\u00bb0px\u00a0\u00bb el_class=\u00a0\u00bbrow-wilfrid-sub-blue-block\u00a0\u00bb][vc_column width=\u00a0\u00bb1\/2&Prime; css=\u00a0\u00bb.vc_custom_1580572915394{background-color: #f7f7f7 !important;background-position: center !important;background-repeat: no-repeat !important;background-size: cover !important;}\u00a0\u00bb el_class=\u00a0\u00bbblock-aires-communes-left\u00a0\u00bb el_id=\u00a0\u00bbaires-communes-left\u00a0\u00bb][vc_empty_space height=\u00a0\u00bb50px\u00a0\u00bb][vc_empty_space height=\u00a0\u00bb50px\u00a0\u00bb el_class=\u00a0\u00bbrow-height-hidden\u00a0\u00bb][vc_column_text]<\/p>\n<h2 class=\"green-title-left\">Des installations<br \/>\nde premi\u00e8re classe<\/h2>\n<p>[\/vc_column_text][vc_empty_space height=\u00a0\u00bb20px\u00a0\u00bb][vc_column_text]<\/p>\n<p class=\"txt-block-air-communes-left\" style=\"text-align: left\">Les aires communes s\u2019\u00e9tendent au-del\u00e0 de chaque unit\u00e9. L\u2019exp\u00e9rience commence par l\u2019\u00e9l\u00e9gant hall d\u2019entr\u00e9e vitr\u00e9 et se poursuit vers une mezzanine de 1500 pi<sup>2<\/sup> qui r\u00e9unit les aires communes. Tout est consid\u00e9r\u00e9 pour assurer le bien-\u00eatre des r\u00e9sidents.<\/p>\n<ul class=\"ul-block-air-communes-left\">\n<li>Lobby vitr\u00e9 aux plafonds de 18\u00bd pi<\/li>\n<li>Mezzanine de 1500 pi<sup>2<\/sup><\/li>\n<li>Coin lounge et bar<\/li>\n<li>Salle d\u2019entra\u00eenement, avec un espace pour pratiquer le yoga, con\u00e7ue par un entra\u00eeneur professionnel<\/li>\n<li>Terrasse sur le toit, offrant une vue spectaculaire sur la montagne, sur l\u2019Oratoire St-Joseph et sur le Mont-Royal<\/li>\n<li>Espaces de stationnements souterrains chauff\u00e9s<\/li>\n<li>Espaces individuels de rangement pour toutes les unit\u00e9s<\/li>\n<\/ul>\n<p>[\/vc_column_text][vc_empty_space height=\u00a0\u00bb50px\u00a0\u00bb][vc_empty_space height=\u00a0\u00bb50px\u00a0\u00bb el_class=\u00a0\u00bbrow-height-hidden\u00a0\u00bb][\/vc_column][vc_column width=\u00a0\u00bb1\/2&Prime; css=\u00a0\u00bb.vc_custom_1580568530738{background-image: url(http:\/\/www.boisfranc.com\/content\/uploads\/sites\/46\/2020\/02\/image-gym.jpg?id=595) !important;background-position: center !important;background-repeat: no-repeat !important;background-size: cover !important;}\u00a0\u00bb][vc_empty_space height=\u00a0\u00bb300px\u00a0\u00bb][vc_empty_space height=\u00a0\u00bb300px\u00a0\u00bb el_class=\u00a0\u00bbrow-height-hidden\u00a0\u00bb][\/vc_column][\/vc_row][vc_row section_type=\u00a0\u00bbfullwidth\u00a0\u00bb bg_type=\u00a0\u00bbimage\u00a0\u00bb bg_image=\u00a0\u00bb613&Prime; bg_position=\u00a0\u00bbright-bottom\u00a0\u00bb equal_column_height=\u00a0\u00bbmiddle-content\u00a0\u00bb padding_top=\u00a0\u00bb0px\u00a0\u00bb padding_bottom=\u00a0\u00bb0px\u00a0\u00bb margin_bottom=\u00a0\u00bb0px\u00a0\u00bb][vc_column][vc_empty_space height=\u00a0\u00bb120px\u00a0\u00bb][vc_column_text]<\/p>\n<h2 class=\"txt-block-center-row\">Profitez des aires communes de qualit\u00e9 sup\u00e9rieure<\/h2>\n<p>[\/vc_column_text][vc_empty_space height=\u00a0\u00bb100px\u00a0\u00bb][\/vc_column][\/vc_row][vc_row section_type=\u00a0\u00bbfullwidth\u00a0\u00bb padding_top=\u00a0\u00bb0px\u00a0\u00bb padding_bottom=\u00a0\u00bb0px\u00a0\u00bb margin_bottom=\u00a0\u00bb0px\u00a0\u00bb][vc_column]<div class=\"grve-element grve-image grve-align-center\" style=\"margin-bottom: 0px;\"><a class=\"grve-image-popup\" href=\"https:\/\/www.boisfranc.com\/content\/uploads\/sites\/46\/2020\/02\/image-lounge-1920x901.jpg\"><img width=\"1920\" height=\"901\" src=\"https:\/\/www.boisfranc.com\/content\/uploads\/sites\/46\/2020\/02\/image-lounge.jpg\" class=\"grve-full-image attachment-full size-full\" alt=\"\" loading=\"lazy\" srcset=\"https:\/\/www.boisfranc.com\/content\/uploads\/sites\/46\/2020\/02\/image-lounge.jpg 1920w, https:\/\/www.boisfranc.com\/content\/uploads\/sites\/46\/2020\/02\/image-lounge-300x141.jpg 300w, https:\/\/www.boisfranc.com\/content\/uploads\/sites\/46\/2020\/02\/image-lounge-768x360.jpg 768w, https:\/\/www.boisfranc.com\/content\/uploads\/sites\/46\/2020\/02\/image-lounge-1024x481.jpg 1024w\" sizes=\"(max-width: 1920px) 100vw, 1920px\" \/><\/a><\/div>[\/vc_column][\/vc_row][vc_row bg_type=\u00a0\u00bbgradient\u00a0\u00bb bg_gradient_color_1=\u00a0\u00bb#242a5e\u00a0\u00bb bg_gradient_color_2=\u00a0\u00bb#0f2344&Prime; bg_gradient_direction=\u00a0\u00bb135&Prime; footer_feature=\u00a0\u00bbyes\u00a0\u00bb padding_bottom=\u00a0\u00bb100px\u00a0\u00bb el_class=\u00a0\u00bbblock-map-bottom\u00a0\u00bb][vc_column css=\u00a0\u00bb.vc_custom_1580527069121{margin-top: -1px !important;}\u00a0\u00bb][vc_empty_space height=\u00a0\u00bb60px\u00a0\u00bb][vc_empty_space height=\u00a0\u00bb50px\u00a0\u00bb el_class=\u00a0\u00bbrow-height-hidden\u00a0\u00bb][vc_column_text el_class=\u00a0\u00bbblock-subheader-home map-bottom-resp\u00a0\u00bb]<\/p>\n<h2 class=\"title-block-map\">Quartier <span>Bois-franc<\/span><\/h2>\n<p class=\"txt-block-map\">Le Wilfrid est situ\u00e9 dans le d\u00e9veloppement de Bois-Franc, \u00e0 Saint-Laurent. Le quartier Bois-Franc est un lieu aux destinations infinies, \u00e0 proximit\u00e9 du futur REM, offrant un style de vie actif, social et professionnel.<\/p>\n<p>[\/vc_column_text][vc_column_text css=\u00a0\u00bb.vc_custom_1580527649243{margin-top: -25px !important;}\u00a0\u00bb]<img loading=\"lazy\" class=\"wp-image-533 aligncenter\" src=\"http:\/\/www.boisfranc.com\/content\/uploads\/sites\/46\/2020\/02\/icone-transports.png\" alt=\"\" width=\"405\" height=\"96\" srcset=\"https:\/\/www.boisfranc.com\/content\/uploads\/sites\/46\/2020\/02\/icone-transports.png 747w, https:\/\/www.boisfranc.com\/content\/uploads\/sites\/46\/2020\/02\/icone-transports-300x71.png 300w\" sizes=\"(max-width: 405px) 100vw, 405px\" \/>[\/vc_column_text][vc_column_text]\n            \n            \n            \n            <a name='map1'><\/a>\n            \n            \n            \n            \n            <div class=\"wpgmza_map \"  id=\"wpgmza_map_1\" style=\"display:block; overflow:auto; width:100%; height:400px; float:left;\" data-settings='{\"id\":\"1\",\"map_title\":\"CARTE FR\",\"map_width\":\"100\",\"map_height\":\"400\",\"map_start_lat\":\"45.521221\",\"map_start_lng\":\"-73.709799\",\"map_start_location\":\"45.521220990993776,-73.70979866137694\",\"map_start_zoom\":\"15\",\"default_marker\":\"0\",\"type\":\"1\",\"alignment\":\"1\",\"directions_enabled\":\"0\",\"styling_enabled\":\"0\",\"styling_json\":\"\",\"active\":\"0\",\"kml\":\"\",\"bicycle\":\"0\",\"traffic\":\"0\",\"dbox\":\"1\",\"dbox_width\":\"100\",\"listmarkers\":\"0\",\"listmarkers_advanced\":\"0\",\"filterbycat\":\"0\",\"ugm_enabled\":\"0\",\"ugm_category_enabled\":\"0\",\"fusion\":\"\",\"map_width_type\":\"\\\\%\",\"map_height_type\":\"px\",\"mass_marker_support\":\"1\",\"ugm_access\":\"0\",\"order_markers_by\":\"1\",\"order_markers_choice\":\"2\",\"show_user_location\":\"2\",\"default_to\":\"\",\"other_settings\":{\"wpgmza_store_locator_restrict\":\"\",\"wpgmza_sl_animation\":\"1\",\"store_locator_query_string\":\"Code Postal \\\/ Adresse\",\"store_locator_name_string\":\"Titre \\\/ Description\",\"store_locator_default_address\":\"\",\"wpgmza_dbox_width_type\":\"%\",\"map_max_zoom\":\"3\",\"map_min_zoom\":\"21\",\"sl_stroke_color\":\"FF0000\",\"sl_stroke_opacity\":\"0.25\",\"sl_fill_color\":\"FF0000\",\"sl_fill_opacity\":\"0.15\",\"click_open_link\":2,\"transport_layer\":0,\"iw_primary_color\":\"2A3744\",\"iw_accent_color\":\"252F3A\",\"iw_text_color\":\"FFFFFF\",\"wpgmza_iw_type\":\"0\",\"list_markers_by\":\"0\",\"push_in_map\":\"\",\"push_in_map_placement\":\"9\",\"wpgmza_push_in_map_width\":\"\",\"wpgmza_push_in_map_height\":\"\",\"wpgmza_theme_data\":\"[{\\\\\\\"featureType\\\\\\\":\\\\\\\"landscape\\\\\\\",\\\\\\\"stylers\\\\\\\":[{\\\\\\\"saturation\\\\\\\":-100},{\\\\\\\"lightness\\\\\\\":65},{\\\\\\\"visibility\\\\\\\":\\\\\\\"on\\\\\\\"}]},{\\\\\\\"featureType\\\\\\\":\\\\\\\"poi\\\\\\\",\\\\\\\"stylers\\\\\\\":[{\\\\\\\"saturation\\\\\\\":-100},{\\\\\\\"lightness\\\\\\\":51},{\\\\\\\"visibility\\\\\\\":\\\\\\\"simplified\\\\\\\"}]},{\\\\\\\"featureType\\\\\\\":\\\\\\\"road.highway\\\\\\\",\\\\\\\"stylers\\\\\\\":[{\\\\\\\"saturation\\\\\\\":-100},{\\\\\\\"visibility\\\\\\\":\\\\\\\"simplified\\\\\\\"}]},{\\\\\\\"featureType\\\\\\\":\\\\\\\"road.arterial\\\\\\\",\\\\\\\"stylers\\\\\\\":[{\\\\\\\"saturation\\\\\\\":-100},{\\\\\\\"lightness\\\\\\\":30},{\\\\\\\"visibility\\\\\\\":\\\\\\\"on\\\\\\\"}]},{\\\\\\\"featureType\\\\\\\":\\\\\\\"road.local\\\\\\\",\\\\\\\"stylers\\\\\\\":[{\\\\\\\"saturation\\\\\\\":-100},{\\\\\\\"lightness\\\\\\\":40},{\\\\\\\"visibility\\\\\\\":\\\\\\\"on\\\\\\\"}]},{\\\\\\\"featureType\\\\\\\":\\\\\\\"transit\\\\\\\",\\\\\\\"stylers\\\\\\\":[{\\\\\\\"saturation\\\\\\\":-100},{\\\\\\\"visibility\\\\\\\":\\\\\\\"simplified\\\\\\\"}]},{\\\\\\\"featureType\\\\\\\":\\\\\\\"administrative.province\\\\\\\",\\\\\\\"stylers\\\\\\\":[{\\\\\\\"visibility\\\\\\\":\\\\\\\"off\\\\\\\"}]},{\\\\\\\"featureType\\\\\\\":\\\\\\\"water\\\\\\\",\\\\\\\"elementType\\\\\\\":\\\\\\\"labels\\\\\\\",\\\\\\\"stylers\\\\\\\":[{\\\\\\\"visibility\\\\\\\":\\\\\\\"on\\\\\\\"},{\\\\\\\"lightness\\\\\\\":-25},{\\\\\\\"saturation\\\\\\\":-100}]},{\\\\\\\"featureType\\\\\\\":\\\\\\\"water\\\\\\\",\\\\\\\"elementType\\\\\\\":\\\\\\\"geometry\\\\\\\",\\\\\\\"stylers\\\\\\\":[{\\\\\\\"hue\\\\\\\":\\\\\\\"#ffff00\\\\\\\"},{\\\\\\\"lightness\\\\\\\":-25},{\\\\\\\"saturation\\\\\\\":-97}]}]\",\"wpgmza_theme_selection\":3,\"upload_default_ul_marker\":\"\",\"upload_default_sl_marker\":\"\",\"shortcodeAttributes\":{\"id\":\"1\"}}}' data-map-id='1' data-shortcode-attributes='{\"id\":\"1\"}'> <\/div>\n            \n               \n        [\/vc_column_text][\/vc_column][\/vc_row]<\/p>\n","protected":false},"excerpt":{"rendered":"<p>[vc_row section_type=\u00a0\u00bbfullwidth\u00a0\u00bb bg_type=\u00a0\u00bbcolor\u00a0\u00bb header_feature=\u00a0\u00bbyes\u00a0\u00bb equal_column_height=\u00a0\u00bbmiddle-content\u00a0\u00bb bg_color=\u00a0\u00bb#f1efe3&Prime; margin_bottom=\u00a0\u00bb0px\u00a0\u00bb el_class=\u00a0\u00bbrow-wilfrid-sub-blue-block\u00a0\u00bb][vc_column width=\u00a0\u00bb1\/2&Prime; css=\u00a0\u00bb.vc_custom_1580572915394{background-color: #f7f7f7 !important;background-position: center !important;background-repeat: no-repeat !important;background-size: cover !important;}\u00a0\u00bb el_class=\u00a0\u00bbblock-aires-communes-left\u00a0\u00bb el_id=\u00a0\u00bbaires-communes-left\u00a0\u00bb][vc_empty_space height=\u00a0\u00bb50px\u00a0\u00bb][vc_empty_space height=\u00a0\u00bb50px\u00a0\u00bb el_class=\u00a0\u00bbrow-height-hidden\u00a0\u00bb][vc_column_text] Des installations de premi\u00e8re classe [\/vc_column_text][vc_empty_space height=\u00a0\u00bb20px\u00a0\u00bb][vc_column_text] Les aires communes s\u2019\u00e9tendent au-del\u00e0 de chaque unit\u00e9. L\u2019exp\u00e9rience commence par l\u2019\u00e9l\u00e9gant hall d\u2019entr\u00e9e vitr\u00e9 et se poursuit vers une mezzanine de 1500 pi2 qui [&hellip;]<\/p>\n","protected":false},"author":14,"featured_media":588,"parent":0,"menu_order":0,"comment_status":"closed","ping_status":"open","template":"","meta":[],"yoast_head":"<!-- This site is optimized with the Yoast SEO plugin v17.4 - https:\/\/yoast.com\/wordpress\/plugins\/seo\/ -->\n<title>Les Condos Wilfrid - Bois-Franc \u00e0 Saint-Laurent<\/title>\n<meta name=\"description\" content=\"Les condos Wilfrid, situ\u00e9s \u00e0 Bois-Franc - Saint-Laurent, vous offrent 100 unit\u00e9s modernes de 1 ou 2 chambres \u00e0 coucher et sont toutes dot\u00e9es d\u2019un air climatis\u00e9 pour vous offrir un maximum de confort.\" \/>\n<meta name=\"robots\" content=\"index, follow, max-snippet:-1, max-image-preview:large, max-video-preview:-1\" \/>\n<link rel=\"canonical\" href=\"https:\/\/www.boisfranc.com\/wilfrid\/aires-communes\/\" \/>\n<meta property=\"og:locale\" content=\"fr_FR\" \/>\n<meta property=\"og:type\" content=\"article\" \/>\n<meta property=\"og:title\" content=\"Les Condos Wilfrid - Bois-Franc \u00e0 Saint-Laurent\" \/>\n<meta property=\"og:description\" content=\"Les condos Wilfrid, situ\u00e9s \u00e0 Bois-Franc - Saint-Laurent, vous offrent 100 unit\u00e9s modernes de 1 ou 2 chambres \u00e0 coucher et sont toutes dot\u00e9es d\u2019un air climatis\u00e9 pour vous offrir un maximum de confort.\" \/>\n<meta property=\"og:url\" content=\"https:\/\/www.boisfranc.com\/wilfrid\/aires-communes\/\" \/>\n<meta property=\"og:site_name\" content=\"Wilfrid\" \/>\n<meta property=\"article:modified_time\" content=\"2020-05-19T14:32:59+00:00\" \/>\n<meta property=\"og:image\" content=\"https:\/\/www.boisfranc.com\/content\/uploads\/sites\/46\/2020\/02\/aires-communes-header.jpg\" \/>\n\t<meta property=\"og:image:width\" content=\"1920\" \/>\n\t<meta property=\"og:image:height\" content=\"786\" \/>\n<meta name=\"twitter:card\" content=\"summary\" \/>\n<meta name=\"twitter:label1\" content=\"Dur\u00e9e de lecture est.\" \/>\n\t<meta name=\"twitter:data1\" content=\"2 minutes\" \/>\n<script type=\"application\/ld+json\" class=\"yoast-schema-graph\">{\"@context\":\"https:\/\/schema.org\",\"@graph\":[{\"@type\":\"WebSite\",\"@id\":\"https:\/\/www.boisfranc.com\/wilfrid\/#website\",\"url\":\"https:\/\/www.boisfranc.com\/wilfrid\/\",\"name\":\"Wilfrid\",\"description\":\"Un site utilisant R\\u00e9seau Boisfranc\",\"potentialAction\":[{\"@type\":\"SearchAction\",\"target\":{\"@type\":\"EntryPoint\",\"urlTemplate\":\"https:\/\/www.boisfranc.com\/wilfrid\/?s={search_term_string}\"},\"query-input\":\"required name=search_term_string\"}],\"inLanguage\":\"fr-FR\"},{\"@type\":\"ImageObject\",\"@id\":\"https:\/\/www.boisfranc.com\/wilfrid\/aires-communes\/#primaryimage\",\"inLanguage\":\"fr-FR\",\"url\":\"https:\/\/www.boisfranc.com\/content\/uploads\/sites\/46\/2020\/02\/aires-communes-header.jpg\",\"contentUrl\":\"https:\/\/www.boisfranc.com\/content\/uploads\/sites\/46\/2020\/02\/aires-communes-header.jpg\",\"width\":1920,\"height\":786},{\"@type\":\"WebPage\",\"@id\":\"https:\/\/www.boisfranc.com\/wilfrid\/aires-communes\/#webpage\",\"url\":\"https:\/\/www.boisfranc.com\/wilfrid\/aires-communes\/\",\"name\":\"Les Condos Wilfrid - Bois-Franc \\u00e0 Saint-Laurent\",\"isPartOf\":{\"@id\":\"https:\/\/www.boisfranc.com\/wilfrid\/#website\"},\"primaryImageOfPage\":{\"@id\":\"https:\/\/www.boisfranc.com\/wilfrid\/aires-communes\/#primaryimage\"},\"datePublished\":\"2020-02-01T14:29:48+00:00\",\"dateModified\":\"2020-05-19T14:32:59+00:00\",\"description\":\"Les condos Wilfrid, situ\\u00e9s \\u00e0 Bois-Franc - Saint-Laurent, vous offrent 100 unit\\u00e9s modernes de 1 ou 2 chambres \\u00e0 coucher et sont toutes dot\\u00e9es d\\u2019un air climatis\\u00e9 pour vous offrir un maximum de confort.\",\"breadcrumb\":{\"@id\":\"https:\/\/www.boisfranc.com\/wilfrid\/aires-communes\/#breadcrumb\"},\"inLanguage\":\"fr-FR\",\"potentialAction\":[{\"@type\":\"ReadAction\",\"target\":[\"https:\/\/www.boisfranc.com\/wilfrid\/aires-communes\/\"]}]},{\"@type\":\"BreadcrumbList\",\"@id\":\"https:\/\/www.boisfranc.com\/wilfrid\/aires-communes\/#breadcrumb\",\"itemListElement\":[{\"@type\":\"ListItem\",\"position\":1,\"name\":\"Accueil\",\"item\":\"https:\/\/www.boisfranc.com\/wilfrid\/\"},{\"@type\":\"ListItem\",\"position\":2,\"name\":\"Aires communes\"}]}]}<\/script>\n<!-- \/ Yoast SEO plugin. -->","yoast_head_json":{"title":"Les Condos Wilfrid - Bois-Franc \u00e0 Saint-Laurent","description":"Les condos Wilfrid, situ\u00e9s \u00e0 Bois-Franc - Saint-Laurent, vous offrent 100 unit\u00e9s modernes de 1 ou 2 chambres \u00e0 coucher et sont toutes dot\u00e9es d\u2019un air climatis\u00e9 pour vous offrir un maximum de confort.","robots":{"index":"index","follow":"follow","max-snippet":"max-snippet:-1","max-image-preview":"max-image-preview:large","max-video-preview":"max-video-preview:-1"},"canonical":"https:\/\/www.boisfranc.com\/wilfrid\/aires-communes\/","og_locale":"fr_FR","og_type":"article","og_title":"Les Condos Wilfrid - Bois-Franc \u00e0 Saint-Laurent","og_description":"Les condos Wilfrid, situ\u00e9s \u00e0 Bois-Franc - Saint-Laurent, vous offrent 100 unit\u00e9s modernes de 1 ou 2 chambres \u00e0 coucher et sont toutes dot\u00e9es d\u2019un air climatis\u00e9 pour vous offrir un maximum de confort.","og_url":"https:\/\/www.boisfranc.com\/wilfrid\/aires-communes\/","og_site_name":"Wilfrid","article_modified_time":"2020-05-19T14:32:59+00:00","og_image":[{"width":1920,"height":786,"url":"https:\/\/www.boisfranc.com\/content\/uploads\/sites\/46\/2020\/02\/aires-communes-header.jpg","type":"image\/jpeg"}],"twitter_card":"summary","twitter_misc":{"Dur\u00e9e de lecture est.":"2 minutes"},"schema":{"@context":"https:\/\/schema.org","@graph":[{"@type":"WebSite","@id":"https:\/\/www.boisfranc.com\/wilfrid\/#website","url":"https:\/\/www.boisfranc.com\/wilfrid\/","name":"Wilfrid","description":"Un site utilisant R\u00e9seau Boisfranc","potentialAction":[{"@type":"SearchAction","target":{"@type":"EntryPoint","urlTemplate":"https:\/\/www.boisfranc.com\/wilfrid\/?s={search_term_string}"},"query-input":"required name=search_term_string"}],"inLanguage":"fr-FR"},{"@type":"ImageObject","@id":"https:\/\/www.boisfranc.com\/wilfrid\/aires-communes\/#primaryimage","inLanguage":"fr-FR","url":"https:\/\/www.boisfranc.com\/content\/uploads\/sites\/46\/2020\/02\/aires-communes-header.jpg","contentUrl":"https:\/\/www.boisfranc.com\/content\/uploads\/sites\/46\/2020\/02\/aires-communes-header.jpg","width":1920,"height":786},{"@type":"WebPage","@id":"https:\/\/www.boisfranc.com\/wilfrid\/aires-communes\/#webpage","url":"https:\/\/www.boisfranc.com\/wilfrid\/aires-communes\/","name":"Les Condos Wilfrid - Bois-Franc \u00e0 Saint-Laurent","isPartOf":{"@id":"https:\/\/www.boisfranc.com\/wilfrid\/#website"},"primaryImageOfPage":{"@id":"https:\/\/www.boisfranc.com\/wilfrid\/aires-communes\/#primaryimage"},"datePublished":"2020-02-01T14:29:48+00:00","dateModified":"2020-05-19T14:32:59+00:00","description":"Les condos Wilfrid, situ\u00e9s \u00e0 Bois-Franc - Saint-Laurent, vous offrent 100 unit\u00e9s modernes de 1 ou 2 chambres \u00e0 coucher et sont toutes dot\u00e9es d\u2019un air climatis\u00e9 pour vous offrir un maximum de confort.","breadcrumb":{"@id":"https:\/\/www.boisfranc.com\/wilfrid\/aires-communes\/#breadcrumb"},"inLanguage":"fr-FR","potentialAction":[{"@type":"ReadAction","target":["https:\/\/www.boisfranc.com\/wilfrid\/aires-communes\/"]}]},{"@type":"BreadcrumbList","@id":"https:\/\/www.boisfranc.com\/wilfrid\/aires-communes\/#breadcrumb","itemListElement":[{"@type":"ListItem","position":1,"name":"Accueil","item":"https:\/\/www.boisfranc.com\/wilfrid\/"},{"@type":"ListItem","position":2,"name":"Aires communes"}]}]}},"_links":{"self":[{"href":"https:\/\/www.boisfranc.com\/wilfrid\/wp-json\/wp\/v2\/pages\/584"}],"collection":[{"href":"https:\/\/www.boisfranc.com\/wilfrid\/wp-json\/wp\/v2\/pages"}],"about":[{"href":"https:\/\/www.boisfranc.com\/wilfrid\/wp-json\/wp\/v2\/types\/page"}],"author":[{"embeddable":true,"href":"https:\/\/www.boisfranc.com\/wilfrid\/wp-json\/wp\/v2\/users\/14"}],"replies":[{"embeddable":true,"href":"https:\/\/www.boisfranc.com\/wilfrid\/wp-json\/wp\/v2\/comments?post=584"}],"version-history":[{"count":31,"href":"https:\/\/www.boisfranc.com\/wilfrid\/wp-json\/wp\/v2\/pages\/584\/revisions"}],"predecessor-version":[{"id":2358,"href":"https:\/\/www.boisfranc.com\/wilfrid\/wp-json\/wp\/v2\/pages\/584\/revisions\/2358"}],"wp:featuredmedia":[{"embeddable":true,"href":"https:\/\/www.boisfranc.com\/wilfrid\/wp-json\/wp\/v2\/media\/588"}],"wp:attachment":[{"href":"https:\/\/www.boisfranc.com\/wilfrid\/wp-json\/wp\/v2\/media?parent=584"}],"curies":[{"name":"wp","href":"https:\/\/api.w.org\/{rel}","templated":true}]}}